{"id":17702,"date":"2025-05-07T11:00:41","date_gmt":"2025-03-26T20:17:41","guid":{"rendered":"https:\/\/tohigin.com\/toode\/tohi-pihliks-pihlakalikoor\/"},"modified":"2025-03-26T23:02:06","modified_gmt":"2025-03-26T21:02:06","slug":"pihliks-ryabinovyj-likyor","status":"publish","type":"product","link":"https:\/\/tohigin.multonworld.com\/ru\/toode\/pihliks-ryabinovyj-likyor\/","title":{"rendered":"TOHI Pihliks &#8212; \u0440\u044f\u0431\u0438\u043d\u043e\u0432\u044b\u0439 \u043b\u0438\u043a\u0451\u0440"},"content":{"rendered":"","protected":false},"excerpt":{"rendered":"<p class=\"\" data-start=\"133\" data-end=\"350\">\u00abAucuparia\u00bb \u2014 \u0442\u0430\u043a \u043d\u0430 \u043b\u0430\u0442\u044b\u043d\u0438 \u043d\u0430\u0437\u044b\u0432\u0430\u0435\u0442\u0441\u044f \u0440\u044f\u0431\u0438\u043d\u0430, \u0438 \u0432 \u043f\u0435\u0440\u0435\u0432\u043e\u0434\u0435 \u044d\u0442\u043e \u043e\u0437\u043d\u0430\u0447\u0430\u0435\u0442 \u00ab\u043f\u0442\u0438\u0446\u0435\u043b\u043e\u0432\u00bb. \u041f\u0442\u0438\u0446\u044b \u043e\u0431\u043e\u0436\u0430\u044e\u0442 \u0440\u044f\u0431\u0438\u043d\u043e\u0432\u044b\u0435 \u044f\u0433\u043e\u0434\u044b, \u043d\u043e TOHI Pihliks \u2014 \u044d\u0442\u043e \u043a\u0438\u0441\u043b\u043e-\u0441\u043b\u0430\u0434\u043a\u0438\u0439 \u043b\u0438\u043a\u0451\u0440, \u0441\u043e\u0437\u0434\u0430\u043d\u043d\u044b\u0439 \u0434\u043b\u044f \u043b\u044e\u0431\u043e\u043f\u044b\u0442\u043d\u044b\u0445 \u043b\u044e\u0434\u0435\u0439, \u0430 \u043d\u0435 \u0434\u043b\u044f \u043f\u0435\u0440\u043d\u0430\u0442\u044b\u0445.<\/p>\n<p class=\"\" data-start=\"352\" data-end=\"723\">\u041b\u0438\u043a\u0451\u0440 \u0438\u0437\u0433\u043e\u0442\u043e\u0432\u043b\u0435\u043d \u0438\u0437 \u0441\u043e\u0431\u0440\u0430\u043d\u043d\u044b\u0445 \u0432\u0440\u0443\u0447\u043d\u0443\u044e \u0440\u044f\u0431\u0438\u043d\u043e\u0432\u044b\u0445 \u044f\u0433\u043e\u0434, \u0432\u044b\u0440\u0430\u0449\u0435\u043d\u043d\u044b\u0445 \u0432 \u044d\u0441\u0442\u043e\u043d\u0441\u043a\u0438\u0445 \u0441\u0430\u0434\u0430\u0445 \u0432 \u043a\u043e\u043d\u0446\u0435 \u043b\u0435\u0442\u0430 2024 \u0433\u043e\u0434\u0430. \u0417\u0430\u0442\u0435\u043c \u043c\u0435\u0434\u043d\u043e-\u043e\u0440\u0430\u043d\u0436\u0435\u0432\u044b\u0435 \u044f\u0433\u043e\u0434\u044b \u0431\u044b\u043b\u0438 \u0441\u043c\u0435\u0448\u0430\u043d\u044b \u043f\u043e \u0441\u043f\u0435\u0446\u0438\u0430\u043b\u044c\u043d\u043e\u043c\u0443 \u0440\u0435\u0446\u0435\u043f\u0442\u0443 \u043c\u0430\u0441\u0442\u0435\u0440\u0430-\u0434\u0438\u0441\u0442\u0438\u043b\u043b\u0435\u0440\u0430 \u041f\u0440\u0438\u0439\u0442\u0430 \u041f\u0430\u043b\u044c\u043a\u0430. \u041f\u043e\u0441\u043b\u0435 \u044d\u0442\u043e\u0433\u043e \u043d\u0430\u043f\u0438\u0442\u043e\u043a \u0443\u0448\u0451\u043b \u00ab\u043e\u0442\u0434\u044b\u0445\u0430\u0442\u044c\u00bb \u043d\u0430 \u0448\u0435\u0441\u0442\u044c \u043c\u0435\u0441\u044f\u0446\u0435\u0432. \u041f\u0440\u043e\u0441\u043d\u0443\u0432\u0448\u0438\u0441\u044c \u043f\u043e\u0441\u043b\u0435 \u0445\u043e\u0440\u043e\u0448\u0435\u0433\u043e \u0437\u0438\u043c\u043d\u0435\u0433\u043e \u0441\u043d\u0430, \u044f\u043d\u0442\u0430\u0440\u043d\u044b\u0439 \u0440\u044f\u0431\u0438\u043d\u043e\u0432\u044b\u0439 \u043b\u0438\u043a\u0451\u0440 \u0431\u044b\u043b \u043e\u0442\u0444\u0438\u043b\u044c\u0442\u0440\u043e\u0432\u0430\u043d \u0438 \u0440\u0430\u0437\u043b\u0438\u0442 \u043f\u043e \u0438\u0437\u044f\u0449\u043d\u044b\u043c \u0431\u0443\u0442\u044b\u043b\u043a\u0430\u043c.<\/p>\n<p class=\"\" data-start=\"725\" data-end=\"920\">\u042d\u0442\u043e\u0442 \u044d\u043b\u0435\u0433\u0430\u043d\u0442\u043d\u044b\u0439, \u0441\u0442\u0440\u043e\u0439\u043d\u044b\u0439 \u0440\u044f\u0431\u0438\u043d\u043e\u0432\u044b\u0439 \u043b\u0438\u043a\u0451\u0440 \u043b\u0443\u0447\u0448\u0435 \u0432\u0441\u0435\u0433\u043e \u043f\u043e\u0434\u0430\u0432\u0430\u0442\u044c \u043e\u0445\u043b\u0430\u0436\u0434\u0451\u043d\u043d\u044b\u043c \u2014 \u0434\u043e \u0438\u043b\u0438 \u043f\u043e\u0441\u043b\u0435 \u0432\u043a\u0443\u0441\u043d\u043e\u0433\u043e \u0443\u0436\u0438\u043d\u0430. \u041f\u043e\u0434\u0443\u043c\u0430\u0439\u0442\u0435 \u043e \u043d\u0435\u043c \u043a\u0430\u043a \u043e \u0441\u0435\u0432\u0435\u0440\u043d\u043e\u0439 \u0438\u043d\u0442\u0435\u0440\u043f\u0440\u0435\u0442\u0430\u0446\u0438\u0438 \u043b\u0438\u043c\u043e\u043d\u0447\u0435\u043b\u043b\u043e \u2014 \u0434\u0438\u0434\u0436\u0435\u0441\u0442\u0438\u0432 \u0441 \u0445\u0430\u0440\u0430\u043a\u0442\u0435\u0440\u043e\u043c.<\/p>\n<p class=\"\" data-start=\"922\" data-end=\"1125\">\u0410 \u0432\u043a\u0443\u0441? \u041d\u0430\u0441\u0442\u043e\u044f\u0449\u0430\u044f \u0441\u0435\u0432\u0435\u0440\u043d\u0430\u044f \u0441\u043c\u0435\u043b\u043e\u0441\u0442\u044c: \u0444\u0440\u0443\u043a\u0442\u043e\u0432\u044b\u0439, \u043a\u0438\u0441\u043b\u043e\u0432\u0430\u0442\u044b\u0439, \u0441 \u043b\u0451\u0433\u043a\u043e\u0439 \u0433\u043e\u0440\u0447\u0438\u043d\u043a\u043e\u0439. \u041d\u0430\u0441\u043b\u0430\u0436\u0434\u0430\u0439\u0442\u0435\u0441\u044c \u0438\u043c \u0432 \u0447\u0438\u0441\u0442\u043e\u043c \u0432\u0438\u0434\u0435 \u0438\u043b\u0438 \u0441\u043c\u0435\u0448\u0430\u0439\u0442\u0435 \u0432 \u0441\u043f\u0440\u0438\u0442\u0446 \u0441 \u0441\u0443\u0445\u0438\u043c \u0438\u0433\u0440\u0438\u0441\u0442\u044b\u043c \u0432\u0438\u043d\u043e\u043c \u2014 \u0438 \u043f\u043e\u0447\u0443\u0432\u0441\u0442\u0432\u0443\u0435\u0442\u0435, \u043a\u0430\u043a \u0437\u0430\u0438\u0433\u0440\u0430\u0435\u0442 \u043a\u0430\u0436\u0434\u0430\u044f \u043d\u043e\u0442\u0430.<\/p>\n<p data-start=\"922\" data-end=\"1125\"><strong>\u0421\u0442\u0435\u043a\u043b\u044f\u043d\u043d\u0430\u044f \u0431\u0443\u0442\u044b\u043b\u043a\u0430, 500 \u043c\u043b, 21,3% \u043e\u0431.<\/strong><\/p>\n","protected":false},"featured_media":17680,"template":"","meta":{"_acf_changed":false,"inline_featured_image":false},"product_brand":[],"product_cat":[223],"product_tag":[],"giftcard-category":[],"class_list":{"0":"post-17702","1":"product","2":"type-product","3":"status-publish","4":"has-post-thumbnail","6":"product_cat-muud-joogid-ru","8":"first","9":"instock","10":"taxable","11":"shipping-taxable","12":"purchasable","13":"product-type-simple"},"acf":[],"yoast_head":"<!-- This site is optimized with the Yoast SEO plugin v27.4 - https:\/\/yoast.com\/product\/yoast-seo-wordpress\/ -->\n<title>TOHI Pihliks - \u0440\u044f\u0431\u0438\u043d\u043e\u0432\u044b\u0439 \u043b\u0438\u043a\u0451\u0440 - TOHI Distillery<\/title>\n<meta name=\"description\" content=\"Tuliuus ja huvitav pihlakalik\u00f6\u00f6r Tohi Distillerylt. Maitseb magushapult, suurep\u00e4rane aperitiviiv puhtalt joomiseks v\u00f5i kokteilis.\" \/>\n<meta name=\"robots\" content=\"index, follow, max-snippet:-1, max-image-preview:large, max-video-preview:-1\" \/>\n<link rel=\"canonical\" href=\"https:\/\/tohigin.multonworld.com\/ru\/toode\/pihliks-ryabinovyj-likyor\/\" \/>\n<meta property=\"og:locale\" content=\"ru_RU\" \/>\n<meta property=\"og:type\" content=\"article\" \/>\n<meta property=\"og:title\" content=\"Pihliks - TOHI Distillery \u0440\u044f\u0431\u0438\u043d\u043e\u0432\u044b\u0439 \u043b\u0438\u043a\u0451\u0440\" \/>\n<meta property=\"og:description\" content=\"Tuliuus ja huvitav pihlakalik\u00f6\u00f6r Tohi Distillerylt. Maitseb magushapult, suurep\u00e4rane aperitiviiv puhtalt joomiseks v\u00f5i kokteilis.\" \/>\n<meta property=\"og:url\" content=\"https:\/\/tohigin.multonworld.com\/ru\/toode\/pihliks-ryabinovyj-likyor\/\" \/>\n<meta property=\"og:site_name\" content=\"TOHI Distillery\" \/>\n<meta property=\"article:publisher\" content=\"https:\/\/www.facebook.com\/tohidistillery\" \/>\n<meta property=\"article:modified_time\" content=\"2025-03-26T21:02:06+00:00\" \/>\n<meta property=\"og:image\" content=\"https:\/\/tohigin.multonworld.com\/wp-content\/uploads\/2025\/03\/tohi-pihliks-pihlakalikoor-1.png\" \/>\n\t<meta property=\"og:image:width\" content=\"810\" \/>\n\t<meta property=\"og:image:height\" content=\"810\" \/>\n\t<meta property=\"og:image:type\" content=\"image\/png\" \/>\n<meta name=\"twitter:card\" content=\"summary_large_image\" \/>\n<meta name=\"twitter:label1\" content=\"\u041f\u0440\u0438\u043c\u0435\u0440\u043d\u043e\u0435 \u0432\u0440\u0435\u043c\u044f \u0434\u043b\u044f \u0447\u0442\u0435\u043d\u0438\u044f\" \/>\n\t<meta name=\"twitter:data1\" content=\"1 \u043c\u0438\u043d\u0443\u0442\u0430\" \/>\n<script type=\"application\/ld+json\" class=\"yoast-schema-graph\">{\"@context\":\"https:\\\/\\\/schema.org\",\"@graph\":[{\"@type\":\"WebPage\",\"@id\":\"https:\\\/\\\/tohigin.multonworld.com\\\/ru\\\/toode\\\/pihliks-ryabinovyj-likyor\\\/\",\"url\":\"https:\\\/\\\/tohigin.multonworld.com\\\/ru\\\/toode\\\/pihliks-ryabinovyj-likyor\\\/\",\"name\":\"TOHI Pihliks - \u0440\u044f\u0431\u0438\u043d\u043e\u0432\u044b\u0439 \u043b\u0438\u043a\u0451\u0440 - TOHI Distillery\",\"isPartOf\":{\"@id\":\"https:\\\/\\\/tohigin.multonworld.com\\\/#website\"},\"primaryImageOfPage\":{\"@id\":\"https:\\\/\\\/tohigin.multonworld.com\\\/ru\\\/toode\\\/pihliks-ryabinovyj-likyor\\\/#primaryimage\"},\"image\":{\"@id\":\"https:\\\/\\\/tohigin.multonworld.com\\\/ru\\\/toode\\\/pihliks-ryabinovyj-likyor\\\/#primaryimage\"},\"thumbnailUrl\":\"https:\\\/\\\/tohigin.multonworld.com\\\/wp-content\\\/uploads\\\/2025\\\/03\\\/tohi-pihliks-pihlakalikoor-1.png\",\"datePublished\":\"2025-03-26T20:17:41+00:00\",\"dateModified\":\"2025-03-26T21:02:06+00:00\",\"description\":\"Tuliuus ja huvitav pihlakalik\u00f6\u00f6r Tohi Distillerylt. Maitseb magushapult, suurep\u00e4rane aperitiviiv puhtalt joomiseks v\u00f5i kokteilis.\",\"breadcrumb\":{\"@id\":\"https:\\\/\\\/tohigin.multonworld.com\\\/ru\\\/toode\\\/pihliks-ryabinovyj-likyor\\\/#breadcrumb\"},\"inLanguage\":\"ru-RU\",\"potentialAction\":[{\"@type\":\"ReadAction\",\"target\":[\"https:\\\/\\\/tohigin.multonworld.com\\\/ru\\\/toode\\\/pihliks-ryabinovyj-likyor\\\/\"]}]},{\"@type\":\"ImageObject\",\"inLanguage\":\"ru-RU\",\"@id\":\"https:\\\/\\\/tohigin.multonworld.com\\\/ru\\\/toode\\\/pihliks-ryabinovyj-likyor\\\/#primaryimage\",\"url\":\"https:\\\/\\\/tohigin.multonworld.com\\\/wp-content\\\/uploads\\\/2025\\\/03\\\/tohi-pihliks-pihlakalikoor-1.png\",\"contentUrl\":\"https:\\\/\\\/tohigin.multonworld.com\\\/wp-content\\\/uploads\\\/2025\\\/03\\\/tohi-pihliks-pihlakalikoor-1.png\",\"width\":810,\"height\":810,\"caption\":\"Pihlkanaps Pihliks Tohi Distillerylt. Ilusas pikas pudelis peitub magushapu pihlakalik\u00f6\u00f6r\"},{\"@type\":\"BreadcrumbList\",\"@id\":\"https:\\\/\\\/tohigin.multonworld.com\\\/ru\\\/toode\\\/pihliks-ryabinovyj-likyor\\\/#breadcrumb\",\"itemListElement\":[{\"@type\":\"ListItem\",\"position\":1,\"name\":\"Home\",\"item\":\"https:\\\/\\\/tohigin.multonworld.com\\\/ru\\\/\"},{\"@type\":\"ListItem\",\"position\":2,\"name\":\"D\u017einni e-pood\",\"item\":\"https:\\\/\\\/tohigin.multonworld.com\\\/pood\\\/\"},{\"@type\":\"ListItem\",\"position\":3,\"name\":\"TOHI Pihliks &#8211; \u0440\u044f\u0431\u0438\u043d\u043e\u0432\u044b\u0439 \u043b\u0438\u043a\u0451\u0440\"}]},{\"@type\":\"WebSite\",\"@id\":\"https:\\\/\\\/tohigin.multonworld.com\\\/#website\",\"url\":\"https:\\\/\\\/tohigin.multonworld.com\\\/\",\"name\":\"TOHI Distillery\",\"description\":\"Gin distillery - production, sales &amp; gin tours\",\"publisher\":{\"@id\":\"https:\\\/\\\/tohigin.multonworld.com\\\/#organization\"},\"potentialAction\":[{\"@type\":\"SearchAction\",\"target\":{\"@type\":\"EntryPoint\",\"urlTemplate\":\"https:\\\/\\\/tohigin.multonworld.com\\\/?s={search_term_string}\"},\"query-input\":{\"@type\":\"PropertyValueSpecification\",\"valueRequired\":true,\"valueName\":\"search_term_string\"}}],\"inLanguage\":\"ru-RU\"},{\"@type\":\"Organization\",\"@id\":\"https:\\\/\\\/tohigin.multonworld.com\\\/#organization\",\"name\":\"Tohi Distillery\",\"url\":\"https:\\\/\\\/tohigin.multonworld.com\\\/\",\"logo\":{\"@type\":\"ImageObject\",\"inLanguage\":\"ru-RU\",\"@id\":\"https:\\\/\\\/tohigin.multonworld.com\\\/#\\\/schema\\\/logo\\\/image\\\/\",\"url\":\"https:\\\/\\\/tohigin.multonworld.com\\\/wp-content\\\/uploads\\\/2021\\\/01\\\/tohi-logo-r-1.png\",\"contentUrl\":\"https:\\\/\\\/tohigin.multonworld.com\\\/wp-content\\\/uploads\\\/2021\\\/01\\\/tohi-logo-r-1.png\",\"width\":88,\"height\":120,\"caption\":\"Tohi Distillery\"},\"image\":{\"@id\":\"https:\\\/\\\/tohigin.multonworld.com\\\/#\\\/schema\\\/logo\\\/image\\\/\"},\"sameAs\":[\"https:\\\/\\\/www.facebook.com\\\/tohidistillery\",\"https:\\\/\\\/www.instagram.com\\\/tohi_gin\\\/\"]}]}<\/script>\n<!-- \/ Yoast SEO plugin. -->","yoast_head_json":{"title":"TOHI Pihliks - \u0440\u044f\u0431\u0438\u043d\u043e\u0432\u044b\u0439 \u043b\u0438\u043a\u0451\u0440 - TOHI Distillery","description":"Tuliuus ja huvitav pihlakalik\u00f6\u00f6r Tohi Distillerylt. Maitseb magushapult, suurep\u00e4rane aperitiviiv puhtalt joomiseks v\u00f5i kokteilis.","robots":{"index":"index","follow":"follow","max-snippet":"max-snippet:-1","max-image-preview":"max-image-preview:large","max-video-preview":"max-video-preview:-1"},"canonical":"https:\/\/tohigin.multonworld.com\/ru\/toode\/pihliks-ryabinovyj-likyor\/","og_locale":"ru_RU","og_type":"article","og_title":"Pihliks - TOHI Distillery \u0440\u044f\u0431\u0438\u043d\u043e\u0432\u044b\u0439 \u043b\u0438\u043a\u0451\u0440","og_description":"Tuliuus ja huvitav pihlakalik\u00f6\u00f6r Tohi Distillerylt. Maitseb magushapult, suurep\u00e4rane aperitiviiv puhtalt joomiseks v\u00f5i kokteilis.","og_url":"https:\/\/tohigin.multonworld.com\/ru\/toode\/pihliks-ryabinovyj-likyor\/","og_site_name":"TOHI Distillery","article_publisher":"https:\/\/www.facebook.com\/tohidistillery","article_modified_time":"2025-03-26T21:02:06+00:00","og_image":[{"width":810,"height":810,"url":"https:\/\/tohigin.multonworld.com\/wp-content\/uploads\/2025\/03\/tohi-pihliks-pihlakalikoor-1.png","type":"image\/png"}],"twitter_card":"summary_large_image","twitter_misc":{"\u041f\u0440\u0438\u043c\u0435\u0440\u043d\u043e\u0435 \u0432\u0440\u0435\u043c\u044f \u0434\u043b\u044f \u0447\u0442\u0435\u043d\u0438\u044f":"1 \u043c\u0438\u043d\u0443\u0442\u0430"},"schema":{"@context":"https:\/\/schema.org","@graph":[{"@type":"WebPage","@id":"https:\/\/tohigin.multonworld.com\/ru\/toode\/pihliks-ryabinovyj-likyor\/","url":"https:\/\/tohigin.multonworld.com\/ru\/toode\/pihliks-ryabinovyj-likyor\/","name":"TOHI Pihliks - \u0440\u044f\u0431\u0438\u043d\u043e\u0432\u044b\u0439 \u043b\u0438\u043a\u0451\u0440 - TOHI Distillery","isPartOf":{"@id":"https:\/\/tohigin.multonworld.com\/#website"},"primaryImageOfPage":{"@id":"https:\/\/tohigin.multonworld.com\/ru\/toode\/pihliks-ryabinovyj-likyor\/#primaryimage"},"image":{"@id":"https:\/\/tohigin.multonworld.com\/ru\/toode\/pihliks-ryabinovyj-likyor\/#primaryimage"},"thumbnailUrl":"https:\/\/tohigin.multonworld.com\/wp-content\/uploads\/2025\/03\/tohi-pihliks-pihlakalikoor-1.png","datePublished":"2025-03-26T20:17:41+00:00","dateModified":"2025-03-26T21:02:06+00:00","description":"Tuliuus ja huvitav pihlakalik\u00f6\u00f6r Tohi Distillerylt. Maitseb magushapult, suurep\u00e4rane aperitiviiv puhtalt joomiseks v\u00f5i kokteilis.","breadcrumb":{"@id":"https:\/\/tohigin.multonworld.com\/ru\/toode\/pihliks-ryabinovyj-likyor\/#breadcrumb"},"inLanguage":"ru-RU","potentialAction":[{"@type":"ReadAction","target":["https:\/\/tohigin.multonworld.com\/ru\/toode\/pihliks-ryabinovyj-likyor\/"]}]},{"@type":"ImageObject","inLanguage":"ru-RU","@id":"https:\/\/tohigin.multonworld.com\/ru\/toode\/pihliks-ryabinovyj-likyor\/#primaryimage","url":"https:\/\/tohigin.multonworld.com\/wp-content\/uploads\/2025\/03\/tohi-pihliks-pihlakalikoor-1.png","contentUrl":"https:\/\/tohigin.multonworld.com\/wp-content\/uploads\/2025\/03\/tohi-pihliks-pihlakalikoor-1.png","width":810,"height":810,"caption":"Pihlkanaps Pihliks Tohi Distillerylt. Ilusas pikas pudelis peitub magushapu pihlakalik\u00f6\u00f6r"},{"@type":"BreadcrumbList","@id":"https:\/\/tohigin.multonworld.com\/ru\/toode\/pihliks-ryabinovyj-likyor\/#breadcrumb","itemListElement":[{"@type":"ListItem","position":1,"name":"Home","item":"https:\/\/tohigin.multonworld.com\/ru\/"},{"@type":"ListItem","position":2,"name":"D\u017einni e-pood","item":"https:\/\/tohigin.multonworld.com\/pood\/"},{"@type":"ListItem","position":3,"name":"TOHI Pihliks &#8211; \u0440\u044f\u0431\u0438\u043d\u043e\u0432\u044b\u0439 \u043b\u0438\u043a\u0451\u0440"}]},{"@type":"WebSite","@id":"https:\/\/tohigin.multonworld.com\/#website","url":"https:\/\/tohigin.multonworld.com\/","name":"TOHI Distillery","description":"Gin distillery - production, sales &amp; gin tours","publisher":{"@id":"https:\/\/tohigin.multonworld.com\/#organization"},"potentialAction":[{"@type":"SearchAction","target":{"@type":"EntryPoint","urlTemplate":"https:\/\/tohigin.multonworld.com\/?s={search_term_string}"},"query-input":{"@type":"PropertyValueSpecification","valueRequired":true,"valueName":"search_term_string"}}],"inLanguage":"ru-RU"},{"@type":"Organization","@id":"https:\/\/tohigin.multonworld.com\/#organization","name":"Tohi Distillery","url":"https:\/\/tohigin.multonworld.com\/","logo":{"@type":"ImageObject","inLanguage":"ru-RU","@id":"https:\/\/tohigin.multonworld.com\/#\/schema\/logo\/image\/","url":"https:\/\/tohigin.multonworld.com\/wp-content\/uploads\/2021\/01\/tohi-logo-r-1.png","contentUrl":"https:\/\/tohigin.multonworld.com\/wp-content\/uploads\/2021\/01\/tohi-logo-r-1.png","width":88,"height":120,"caption":"Tohi Distillery"},"image":{"@id":"https:\/\/tohigin.multonworld.com\/#\/schema\/logo\/image\/"},"sameAs":["https:\/\/www.facebook.com\/tohidistillery","https:\/\/www.instagram.com\/tohi_gin\/"]}]}},"_links":{"self":[{"href":"https:\/\/tohigin.multonworld.com\/ru\/wp-json\/wp\/v2\/product\/17702","targetHints":{"allow":["GET"]}}],"collection":[{"href":"https:\/\/tohigin.multonworld.com\/ru\/wp-json\/wp\/v2\/product"}],"about":[{"href":"https:\/\/tohigin.multonworld.com\/ru\/wp-json\/wp\/v2\/types\/product"}],"wp:featuredmedia":[{"embeddable":true,"href":"https:\/\/tohigin.multonworld.com\/ru\/wp-json\/wp\/v2\/media\/17680"}],"wp:attachment":[{"href":"https:\/\/tohigin.multonworld.com\/ru\/wp-json\/wp\/v2\/media?parent=17702"}],"wp:term":[{"taxonomy":"product_brand","embeddable":true,"href":"https:\/\/tohigin.multonworld.com\/ru\/wp-json\/wp\/v2\/product_brand?post=17702"},{"taxonomy":"product_cat","embeddable":true,"href":"https:\/\/tohigin.multonworld.com\/ru\/wp-json\/wp\/v2\/product_cat?post=17702"},{"taxonomy":"product_tag","embeddable":true,"href":"https:\/\/tohigin.multonworld.com\/ru\/wp-json\/wp\/v2\/product_tag?post=17702"},{"taxonomy":"giftcard-category","embeddable":true,"href":"https:\/\/tohigin.multonworld.com\/ru\/wp-json\/wp\/v2\/giftcard-category?post=17702"}],"curies":[{"name":"wp","href":"https:\/\/api.w.org\/{rel}","templated":true}]}}