{"id":4676,"date":"2020-09-21T09:13:31","date_gmt":"2020-09-21T06:13:31","guid":{"rendered":"https:\/\/tohigin.com\/toode\/tohi-nordic-dry-gin-cloudberry-mist-dzhin-iz-moroshki-samyj\/"},"modified":"2025-12-01T00:00:10","modified_gmt":"2025-11-30T22:00:10","slug":"tohi-nordic-dry-gin-cloudberry-mist-dzhin-iz-moroshki-samyj","status":"publish","type":"product","link":"https:\/\/tohigin.multonworld.com\/ru\/toode\/tohi-nordic-dry-gin-cloudberry-mist-dzhin-iz-moroshki-samyj\/","title":{"rendered":"TOHI Nordic Dry Gin Cloudberry Mist. \u0414\u0436\u0438\u043d \u0438\u0437 \u043c\u043e\u0440\u043e\u0448\u043a\u0438 \u0443\u0434\u043e\u0441\u0442\u043e\u0435\u043d\u043d\u044b\u0439 \u043d\u0430\u0433\u0440\u0430\u0434"},"content":{"rendered":"","protected":false},"excerpt":{"rendered":"<p><span data-sheets-value=\"{&quot;1&quot;:2,&quot;2&quot;:&quot;Kuiv London Dry stiilis d\u017einn, millele on lisatud veidikene salap\u00e4rast \u00fcrdileotist. \u00d5rnalt kollaka varjundiga, l\u00e4bipaistev. Aroomis tunda magusaid noote (mesi, kummel, cassia, kirevili).nTohi d\u017einni toodab Tohi Distillery O\u00dc, mille destilleerimiskoda asub Kohilas, Tohisoo m\u00f5isa vanas viinavabrikus. Sealt tuleb ka nimi - TOHI.nMiks ei TOHI?&quot;}\" data-sheets-userformat=\"{&quot;2&quot;:961,&quot;3&quot;:{&quot;1&quot;:0},&quot;9&quot;:0,&quot;10&quot;:1,&quot;11&quot;:4,&quot;12&quot;:0}\">\u0414\u0436\u0438\u043d \u0441\u0443\u0445\u043e\u0439 \u0434\u0438\u0441\u0442\u0438\u043b\u043b\u044f\u0446\u0438\u0438 \u0441 \u0434\u043e\u0431\u0430\u0432\u043b\u0435\u043d\u0438\u0435\u043c \u0410 \u0438 \u041e \u043f\u043e\u043c\u0438\u043c\u043e \u044f\u0433\u043e\u0434 \u043c\u043e\u0436\u0436\u0435\u0432\u0435\u043b\u044c\u043d\u0438\u043a\u0430 &#8212; \u044d\u0442\u043e \u044d\u043a\u0441\u043a\u043b\u044e\u0437\u0438\u0432\u043d\u0430\u044f \u0435\u0436\u0435\u0432\u0438\u043a\u0430. \u041d\u0435\u0436\u043d\u043e-\u0437\u043e\u043b\u043e\u0442\u0438\u0441\u0442\u043e\u0433\u043e \u043e\u0442\u0442\u0435\u043d\u043a\u0430, \u043f\u0440\u043e\u0437\u0440\u0430\u0447\u043d\u044b\u0439. \u0412 \u0430\u0440\u043e\u043c\u0430\u0442\u0435 \u043f\u0440\u0438\u0441\u0443\u0442\u0441\u0442\u0432\u0443\u044e\u0442 \u0441\u043b\u0430\u0434\u043a\u0438\u0435 \u043d\u043e\u0442\u043a\u0438 (\u043c\u0435\u0434, \u043c\u043e\u0440\u043e\u0448\u043a\u0430, \u0440\u043e\u043c\u0430\u0448\u043a\u0430, \u043a\u0430\u0441\u0441\u0438\u044f, \u043c\u0430\u0440\u0430\u043a\u0443\u0439\u044f). \u041b\u0443\u0447\u0448\u0435 \u0432\u0441\u0435\u0433\u043e \u043f\u043e\u0434\u0430\u0432\u0430\u0442\u044c \u0432 \u0441\u0443\u0445\u043e\u043c \u0432\u0438\u0434\u0435 \u0441 \u0442\u043e\u043d\u0438\u043a\u043e\u043c, \u0431\u043e\u043b\u044c\u0448\u0438\u043c \u043a\u043e\u043b\u0438\u0447\u0435\u0441\u0442\u0432\u043e\u043c \u043b\u044c\u0434\u0430 \u0438 \u0434\u043e\u043b\u044c\u043a\u043e\u0439 \u0430\u043f\u0435\u043b\u044c\u0441\u0438\u043d\u0430. \u041f\u043e\u0441\u043c\u043e\u0442\u0440\u0435\u0442\u044c \u0440\u0430\u0437\u043d\u044b\u0435 \u043a\u043e\u043a\u0442\u0435\u0439\u043b\u0438 <a href=\"https:\/\/tohigin.multonworld.com\/kokteilid\/\" target=\"_blank\" rel=\"noopener noreferrer\">\u0442\u0443\u0442.<\/a><\/span><\/p>\n<p><span data-sheets-value=\"{&quot;1&quot;:2,&quot;2&quot;:&quot;Kuiv London Dry stiilis d\u017einn, millele on lisatud veidikene salap\u00e4rast \u00fcrdileotist. \u00d5rnalt kollaka varjundiga, l\u00e4bipaistev. Aroomis tunda magusaid noote (mesi, kummel, cassia, kirevili).nTohi d\u017einni toodab Tohi Distillery O\u00dc, mille destilleerimiskoda asub Kohilas, Tohisoo m\u00f5isa vanas viinavabrikus. Sealt tuleb ka nimi - TOHI.nMiks ei TOHI?&quot;}\" data-sheets-userformat=\"{&quot;2&quot;:961,&quot;3&quot;:{&quot;1&quot;:0},&quot;9&quot;:0,&quot;10&quot;:1,&quot;11&quot;:4,&quot;12&quot;:0}\">\u041c\u0435\u0441\u0442\u043e \u043f\u0440\u043e\u0438\u0437\u0432\u043e\u0434\u0441\u0442\u0432\u0430 \u0422\u043e\u0445\u0438 \u0434\u0436\u0438\u043d\u0430 \u0438 \u0435\u0433\u043e \u0434\u0438\u0441\u0442\u0438\u043b\u043b\u044f\u0446\u0438\u044f\u00a0 \u044f\u0432\u043b\u044f\u0435\u0442\u0441\u044f \u041a\u043e\u0445\u0438\u043b\u0430, \u0422\u043e\u0445\u0438\u0441\u043e\u043e \u043c\u044b\u0437\u0430 \u0432 \u0441\u0442\u0430\u0440\u043e\u0439 \u043a\u0443\u0445\u043d\u0435 \u0434\u043b\u044f \u043f\u0440\u043e\u0438\u0437\u0432\u043e\u0434\u0441\u0442\u0432\u0430 \u0432\u043e\u0434\u043a\u0438. \u041e\u0442\u0441\u044e\u0434\u0430 \u0438 \u043d\u0430\u0437\u0432\u0430\u043d\u0438\u0435 &#8212; TOHI.<br \/>\n\u041f\u043e\u0447\u0435\u043c\u0443 \u043d\u0435 \u043c\u043e\u0436\u043d\u043e?<\/span><\/p>\n<p><span data-sheets-value=\"{&quot;1&quot;:2,&quot;2&quot;:&quot;Kuiv London Dry stiilis d\u017einn, millele on lisatud veidikene salap\u00e4rast \u00fcrdileotist. \u00d5rnalt kollaka varjundiga, l\u00e4bipaistev. Aroomis tunda magusaid noote (mesi, kummel, cassia, kirevili).nTohi d\u017einni toodab Tohi Distillery O\u00dc, mille destilleerimiskoda asub Kohilas, Tohisoo m\u00f5isa vanas viinavabrikus. Sealt tuleb ka nimi - TOHI.nMiks ei TOHI?&quot;}\" data-sheets-userformat=\"{&quot;2&quot;:961,&quot;3&quot;:{&quot;1&quot;:0},&quot;9&quot;:0,&quot;10&quot;:1,&quot;11&quot;:4,&quot;12&quot;:0}\">Tohi Gin o\u043f\u0440\u0438\u0437\u043d\u0430\u043d \u043b\u0443\u0447\u0448\u0438\u043c \u0434\u0436\u0438\u043d\u043d\u043e\u043c \u0432 \u042d\u0441\u0442\u043e\u043d\u0438\u0438 \u043d\u0430 \u042d\u0441\u0442\u043e\u043d\u0441\u043a\u043e\u043c \u0444\u0435\u0441\u0442\u0438\u0432\u0430\u043b\u0435 \u0440\u0435\u043c\u0435\u0441\u0435\u043b 2020 \u0433\u043e\u0434\u0430 \u0438 \u042d\u0441\u0442\u043e\u043d\u0441\u043a\u043e\u043c \u0444\u0435\u0441\u0442\u0438\u0432\u0430\u043b\u0435 \u043d\u0430\u043f\u0438\u0442\u043a\u043e\u0432 2019 \u0433\u043e\u0434\u0430. \u041e\u0437\u043d\u0430\u043a\u043e\u043c\u044c\u0442\u0435\u0441\u044c \u0441 \u0434\u0440\u0443\u0433\u0438\u043c\u0438 \u043d\u0430\u0433\u0440\u0430\u0434\u0430\u043c\u0438 Tohi <a href=\"https:\/\/tohigin.multonworld.com\/dzinnid\/tohi-cloudberry-mist-gin\/\" target=\"_blank\" rel=\"noopener noreferrer\">\u0442\u0443\u0442<\/a><\/span><\/p>\n<p>0,5 \u043b, 43% vol. \u041a\u043e\u0440\u043e\u0431\u043a\u0430: 6 \u0431\u0443\u0442\u044b\u043b\u043a\u0438.<\/p>\n<p>\u041f\u0440\u043e\u0434\u0443\u043a\u0442\u044b TOHI \u043a\u0443\u043f\u043b\u0435\u043d\u043d\u044b\u0435 \u0432 \u044d-\u043c\u0430\u0433\u0430\u0437\u0438\u043d\u0435 \u043d\u0430\u0447\u0438\u043d\u0430\u044f \u0441 \u0441\u0443\u043c\u043c\u044b 50 \u20ac \u2013 \u0442\u0440\u0430\u043d\u0441\u043f\u043e\u0440\u0442\u0438\u0440\u043e\u0432\u043a\u0430 \u043f\u043e\u0441\u044b\u043b\u043e\u0447\u043d\u044b\u043c \u0430\u0432\u0442\u043e\u043c\u0430\u0442\u043e\u043c \u0431\u0435\u0441\u043f\u043b\u0430\u0442\u043d\u043e!<\/p>\n<p><img loading=\"lazy\" decoding=\"async\" class=\"alignnone wp-image-4004 size-full\" src=\"https:\/\/tohigin.multonworld.com\/wp-content\/uploads\/2020\/09\/cloudberry-gin-awards.png\" alt=\"\" width=\"400\" height=\"78\" srcset=\"https:\/\/tohigin.multonworld.com\/wp-content\/uploads\/2020\/09\/cloudberry-gin-awards.png 400w, https:\/\/tohigin.multonworld.com\/wp-content\/uploads\/2020\/09\/cloudberry-gin-awards-300x59.png 300w\" sizes=\"auto, (max-width: 400px) 100vw, 400px\" \/><\/p>\n","protected":false},"featured_media":0,"template":"","meta":{"_acf_changed":false,"inline_featured_image":false},"product_brand":[],"product_cat":[35],"product_tag":[84],"giftcard-category":[],"class_list":{"0":"post-4676","1":"product","2":"type-product","3":"status-publish","5":"product_cat-tohi-dzin","6":"product_tag-cloudberry-mist-gin-ru","8":"first","9":"instock","10":"taxable","11":"shipping-taxable","12":"purchasable","13":"product-type-simple"},"acf":[],"yoast_head":"<!-- This site is optimized with the Yoast SEO plugin v27.4 - https:\/\/yoast.com\/product\/yoast-seo-wordpress\/ -->\n<title>Tohi Cloudberry Mist Nordic Dry Gin - \u0443\u0434\u043e\u0441\u0442\u043e\u0435\u043d\u043d\u044b\u0439 \u043d\u0430\u0433\u0440\u0430\u0434 \u043c\u043e\u0440\u043e\u0448\u043a\u043e\u0432\u044b\u0439 \u0434\u0436\u0438\u043d<\/title>\n<meta name=\"description\" content=\"\u041e\u0442\u043c\u0435\u0447\u0435\u043d\u043d\u044b\u0439 \u043d\u0430\u0433\u0440\u0430\u0434\u0430\u043c\u0438 \u043d\u043e\u0440\u0434\u0438\u0447\u0435\u0441\u043a\u0438\u0439 \u0441\u0443\u0445\u043e\u0439 \u0434\u0436\u0438\u043d Tohi Cloudberry Mist. \u0414\u0436\u0438\u043d \u0441\u0434\u0435\u043b\u0430\u043d\u043d\u044b\u0439 \u0438\u0437 \u044d\u0441\u0442\u043e\u043d\u0441\u043a\u043e\u0439 \u043c\u043e\u0440\u043e\u0448\u043a\u0438. \u041c\u043e\u0440\u043e\u0448\u043a\u043e\u0432\u044b\u0439 \u0434\u0436\u0438\u043d \u21161 \u0432 \u042d\u0441\u0442\u043e\u043d\u0438\u0438.\" \/>\n<meta name=\"robots\" content=\"index, follow, max-snippet:-1, max-image-preview:large, max-video-preview:-1\" \/>\n<link rel=\"canonical\" href=\"https:\/\/tohigin.multonworld.com\/ru\/toode\/tohi-nordic-dry-gin-cloudberry-mist-dzhin-iz-moroshki-samyj\/\" \/>\n<meta property=\"og:locale\" content=\"ru_RU\" \/>\n<meta property=\"og:type\" content=\"article\" \/>\n<meta property=\"og:title\" content=\"Tohi Cloudberry Mist Nordic Dry Gin - \u0443\u0434\u043e\u0441\u0442\u043e\u0435\u043d\u043d\u044b\u0439 \u043d\u0430\u0433\u0440\u0430\u0434 \u043c\u043e\u0440\u043e\u0448\u043a\u043e\u0432\u044b\u0439 \u0434\u0436\u0438\u043d\" \/>\n<meta property=\"og:description\" content=\"\u041e\u0442\u043c\u0435\u0447\u0435\u043d\u043d\u044b\u0439 \u043d\u0430\u0433\u0440\u0430\u0434\u0430\u043c\u0438 \u043d\u043e\u0440\u0434\u0438\u0447\u0435\u0441\u043a\u0438\u0439 \u0441\u0443\u0445\u043e\u0439 \u0434\u0436\u0438\u043d Tohi Cloudberry Mist. \u0414\u0436\u0438\u043d \u0441\u0434\u0435\u043b\u0430\u043d\u043d\u044b\u0439 \u0438\u0437 \u044d\u0441\u0442\u043e\u043d\u0441\u043a\u043e\u0439 \u043c\u043e\u0440\u043e\u0448\u043a\u0438. \u041c\u043e\u0440\u043e\u0448\u043a\u043e\u0432\u044b\u0439 \u0434\u0436\u0438\u043d \u21161 \u0432 \u042d\u0441\u0442\u043e\u043d\u0438\u0438.\" \/>\n<meta property=\"og:url\" content=\"https:\/\/tohigin.multonworld.com\/ru\/toode\/tohi-nordic-dry-gin-cloudberry-mist-dzhin-iz-moroshki-samyj\/\" \/>\n<meta property=\"og:site_name\" content=\"TOHI Distillery\" \/>\n<meta property=\"article:publisher\" content=\"https:\/\/www.facebook.com\/tohidistillery\" \/>\n<meta property=\"article:modified_time\" content=\"2025-11-30T22:00:10+00:00\" \/>\n<meta name=\"twitter:card\" content=\"summary_large_image\" \/>\n<script type=\"application\/ld+json\" class=\"yoast-schema-graph\">{\"@context\":\"https:\\\/\\\/schema.org\",\"@graph\":[{\"@type\":\"WebPage\",\"@id\":\"https:\\\/\\\/tohigin.multonworld.com\\\/ru\\\/toode\\\/tohi-nordic-dry-gin-cloudberry-mist-dzhin-iz-moroshki-samyj\\\/\",\"url\":\"https:\\\/\\\/tohigin.multonworld.com\\\/ru\\\/toode\\\/tohi-nordic-dry-gin-cloudberry-mist-dzhin-iz-moroshki-samyj\\\/\",\"name\":\"Tohi Cloudberry Mist Nordic Dry Gin - \u0443\u0434\u043e\u0441\u0442\u043e\u0435\u043d\u043d\u044b\u0439 \u043d\u0430\u0433\u0440\u0430\u0434 \u043c\u043e\u0440\u043e\u0448\u043a\u043e\u0432\u044b\u0439 \u0434\u0436\u0438\u043d\",\"isPartOf\":{\"@id\":\"https:\\\/\\\/tohigin.multonworld.com\\\/#website\"},\"datePublished\":\"2020-09-21T06:13:31+00:00\",\"dateModified\":\"2025-11-30T22:00:10+00:00\",\"description\":\"\u041e\u0442\u043c\u0435\u0447\u0435\u043d\u043d\u044b\u0439 \u043d\u0430\u0433\u0440\u0430\u0434\u0430\u043c\u0438 \u043d\u043e\u0440\u0434\u0438\u0447\u0435\u0441\u043a\u0438\u0439 \u0441\u0443\u0445\u043e\u0439 \u0434\u0436\u0438\u043d Tohi Cloudberry Mist. \u0414\u0436\u0438\u043d \u0441\u0434\u0435\u043b\u0430\u043d\u043d\u044b\u0439 \u0438\u0437 \u044d\u0441\u0442\u043e\u043d\u0441\u043a\u043e\u0439 \u043c\u043e\u0440\u043e\u0448\u043a\u0438. \u041c\u043e\u0440\u043e\u0448\u043a\u043e\u0432\u044b\u0439 \u0434\u0436\u0438\u043d \u21161 \u0432 \u042d\u0441\u0442\u043e\u043d\u0438\u0438.\",\"breadcrumb\":{\"@id\":\"https:\\\/\\\/tohigin.multonworld.com\\\/ru\\\/toode\\\/tohi-nordic-dry-gin-cloudberry-mist-dzhin-iz-moroshki-samyj\\\/#breadcrumb\"},\"inLanguage\":\"ru-RU\",\"potentialAction\":[{\"@type\":\"ReadAction\",\"target\":[\"https:\\\/\\\/tohigin.multonworld.com\\\/ru\\\/toode\\\/tohi-nordic-dry-gin-cloudberry-mist-dzhin-iz-moroshki-samyj\\\/\"]}]},{\"@type\":\"BreadcrumbList\",\"@id\":\"https:\\\/\\\/tohigin.multonworld.com\\\/ru\\\/toode\\\/tohi-nordic-dry-gin-cloudberry-mist-dzhin-iz-moroshki-samyj\\\/#breadcrumb\",\"itemListElement\":[{\"@type\":\"ListItem\",\"position\":1,\"name\":\"Home\",\"item\":\"https:\\\/\\\/tohigin.multonworld.com\\\/ru\\\/\"},{\"@type\":\"ListItem\",\"position\":2,\"name\":\"D\u017einni e-pood\",\"item\":\"https:\\\/\\\/tohigin.multonworld.com\\\/pood\\\/\"},{\"@type\":\"ListItem\",\"position\":3,\"name\":\"TOHI Nordic Dry Gin Cloudberry Mist. \u0414\u0436\u0438\u043d \u0438\u0437 \u043c\u043e\u0440\u043e\u0448\u043a\u0438 \u0443\u0434\u043e\u0441\u0442\u043e\u0435\u043d\u043d\u044b\u0439 \u043d\u0430\u0433\u0440\u0430\u0434\"}]},{\"@type\":\"WebSite\",\"@id\":\"https:\\\/\\\/tohigin.multonworld.com\\\/#website\",\"url\":\"https:\\\/\\\/tohigin.multonworld.com\\\/\",\"name\":\"TOHI Distillery\",\"description\":\"Gin distillery - production, sales &amp; gin tours\",\"publisher\":{\"@id\":\"https:\\\/\\\/tohigin.multonworld.com\\\/#organization\"},\"potentialAction\":[{\"@type\":\"SearchAction\",\"target\":{\"@type\":\"EntryPoint\",\"urlTemplate\":\"https:\\\/\\\/tohigin.multonworld.com\\\/?s={search_term_string}\"},\"query-input\":{\"@type\":\"PropertyValueSpecification\",\"valueRequired\":true,\"valueName\":\"search_term_string\"}}],\"inLanguage\":\"ru-RU\"},{\"@type\":\"Organization\",\"@id\":\"https:\\\/\\\/tohigin.multonworld.com\\\/#organization\",\"name\":\"Tohi Distillery\",\"url\":\"https:\\\/\\\/tohigin.multonworld.com\\\/\",\"logo\":{\"@type\":\"ImageObject\",\"inLanguage\":\"ru-RU\",\"@id\":\"https:\\\/\\\/tohigin.multonworld.com\\\/#\\\/schema\\\/logo\\\/image\\\/\",\"url\":\"https:\\\/\\\/tohigin.multonworld.com\\\/wp-content\\\/uploads\\\/2021\\\/01\\\/tohi-logo-r-1.png\",\"contentUrl\":\"https:\\\/\\\/tohigin.multonworld.com\\\/wp-content\\\/uploads\\\/2021\\\/01\\\/tohi-logo-r-1.png\",\"width\":88,\"height\":120,\"caption\":\"Tohi Distillery\"},\"image\":{\"@id\":\"https:\\\/\\\/tohigin.multonworld.com\\\/#\\\/schema\\\/logo\\\/image\\\/\"},\"sameAs\":[\"https:\\\/\\\/www.facebook.com\\\/tohidistillery\",\"https:\\\/\\\/www.instagram.com\\\/tohi_gin\\\/\"]}]}<\/script>\n<!-- \/ Yoast SEO plugin. -->","yoast_head_json":{"title":"Tohi Cloudberry Mist Nordic Dry Gin - \u0443\u0434\u043e\u0441\u0442\u043e\u0435\u043d\u043d\u044b\u0439 \u043d\u0430\u0433\u0440\u0430\u0434 \u043c\u043e\u0440\u043e\u0448\u043a\u043e\u0432\u044b\u0439 \u0434\u0436\u0438\u043d","description":"\u041e\u0442\u043c\u0435\u0447\u0435\u043d\u043d\u044b\u0439 \u043d\u0430\u0433\u0440\u0430\u0434\u0430\u043c\u0438 \u043d\u043e\u0440\u0434\u0438\u0447\u0435\u0441\u043a\u0438\u0439 \u0441\u0443\u0445\u043e\u0439 \u0434\u0436\u0438\u043d Tohi Cloudberry Mist. \u0414\u0436\u0438\u043d \u0441\u0434\u0435\u043b\u0430\u043d\u043d\u044b\u0439 \u0438\u0437 \u044d\u0441\u0442\u043e\u043d\u0441\u043a\u043e\u0439 \u043c\u043e\u0440\u043e\u0448\u043a\u0438. \u041c\u043e\u0440\u043e\u0448\u043a\u043e\u0432\u044b\u0439 \u0434\u0436\u0438\u043d \u21161 \u0432 \u042d\u0441\u0442\u043e\u043d\u0438\u0438.","robots":{"index":"index","follow":"follow","max-snippet":"max-snippet:-1","max-image-preview":"max-image-preview:large","max-video-preview":"max-video-preview:-1"},"canonical":"https:\/\/tohigin.multonworld.com\/ru\/toode\/tohi-nordic-dry-gin-cloudberry-mist-dzhin-iz-moroshki-samyj\/","og_locale":"ru_RU","og_type":"article","og_title":"Tohi Cloudberry Mist Nordic Dry Gin - \u0443\u0434\u043e\u0441\u0442\u043e\u0435\u043d\u043d\u044b\u0439 \u043d\u0430\u0433\u0440\u0430\u0434 \u043c\u043e\u0440\u043e\u0448\u043a\u043e\u0432\u044b\u0439 \u0434\u0436\u0438\u043d","og_description":"\u041e\u0442\u043c\u0435\u0447\u0435\u043d\u043d\u044b\u0439 \u043d\u0430\u0433\u0440\u0430\u0434\u0430\u043c\u0438 \u043d\u043e\u0440\u0434\u0438\u0447\u0435\u0441\u043a\u0438\u0439 \u0441\u0443\u0445\u043e\u0439 \u0434\u0436\u0438\u043d Tohi Cloudberry Mist. \u0414\u0436\u0438\u043d \u0441\u0434\u0435\u043b\u0430\u043d\u043d\u044b\u0439 \u0438\u0437 \u044d\u0441\u0442\u043e\u043d\u0441\u043a\u043e\u0439 \u043c\u043e\u0440\u043e\u0448\u043a\u0438. \u041c\u043e\u0440\u043e\u0448\u043a\u043e\u0432\u044b\u0439 \u0434\u0436\u0438\u043d \u21161 \u0432 \u042d\u0441\u0442\u043e\u043d\u0438\u0438.","og_url":"https:\/\/tohigin.multonworld.com\/ru\/toode\/tohi-nordic-dry-gin-cloudberry-mist-dzhin-iz-moroshki-samyj\/","og_site_name":"TOHI Distillery","article_publisher":"https:\/\/www.facebook.com\/tohidistillery","article_modified_time":"2025-11-30T22:00:10+00:00","twitter_card":"summary_large_image","schema":{"@context":"https:\/\/schema.org","@graph":[{"@type":"WebPage","@id":"https:\/\/tohigin.multonworld.com\/ru\/toode\/tohi-nordic-dry-gin-cloudberry-mist-dzhin-iz-moroshki-samyj\/","url":"https:\/\/tohigin.multonworld.com\/ru\/toode\/tohi-nordic-dry-gin-cloudberry-mist-dzhin-iz-moroshki-samyj\/","name":"Tohi Cloudberry Mist Nordic Dry Gin - \u0443\u0434\u043e\u0441\u0442\u043e\u0435\u043d\u043d\u044b\u0439 \u043d\u0430\u0433\u0440\u0430\u0434 \u043c\u043e\u0440\u043e\u0448\u043a\u043e\u0432\u044b\u0439 \u0434\u0436\u0438\u043d","isPartOf":{"@id":"https:\/\/tohigin.multonworld.com\/#website"},"datePublished":"2020-09-21T06:13:31+00:00","dateModified":"2025-11-30T22:00:10+00:00","description":"\u041e\u0442\u043c\u0435\u0447\u0435\u043d\u043d\u044b\u0439 \u043d\u0430\u0433\u0440\u0430\u0434\u0430\u043c\u0438 \u043d\u043e\u0440\u0434\u0438\u0447\u0435\u0441\u043a\u0438\u0439 \u0441\u0443\u0445\u043e\u0439 \u0434\u0436\u0438\u043d Tohi Cloudberry Mist. \u0414\u0436\u0438\u043d \u0441\u0434\u0435\u043b\u0430\u043d\u043d\u044b\u0439 \u0438\u0437 \u044d\u0441\u0442\u043e\u043d\u0441\u043a\u043e\u0439 \u043c\u043e\u0440\u043e\u0448\u043a\u0438. \u041c\u043e\u0440\u043e\u0448\u043a\u043e\u0432\u044b\u0439 \u0434\u0436\u0438\u043d \u21161 \u0432 \u042d\u0441\u0442\u043e\u043d\u0438\u0438.","breadcrumb":{"@id":"https:\/\/tohigin.multonworld.com\/ru\/toode\/tohi-nordic-dry-gin-cloudberry-mist-dzhin-iz-moroshki-samyj\/#breadcrumb"},"inLanguage":"ru-RU","potentialAction":[{"@type":"ReadAction","target":["https:\/\/tohigin.multonworld.com\/ru\/toode\/tohi-nordic-dry-gin-cloudberry-mist-dzhin-iz-moroshki-samyj\/"]}]},{"@type":"BreadcrumbList","@id":"https:\/\/tohigin.multonworld.com\/ru\/toode\/tohi-nordic-dry-gin-cloudberry-mist-dzhin-iz-moroshki-samyj\/#breadcrumb","itemListElement":[{"@type":"ListItem","position":1,"name":"Home","item":"https:\/\/tohigin.multonworld.com\/ru\/"},{"@type":"ListItem","position":2,"name":"D\u017einni e-pood","item":"https:\/\/tohigin.multonworld.com\/pood\/"},{"@type":"ListItem","position":3,"name":"TOHI Nordic Dry Gin Cloudberry Mist. \u0414\u0436\u0438\u043d \u0438\u0437 \u043c\u043e\u0440\u043e\u0448\u043a\u0438 \u0443\u0434\u043e\u0441\u0442\u043e\u0435\u043d\u043d\u044b\u0439 \u043d\u0430\u0433\u0440\u0430\u0434"}]},{"@type":"WebSite","@id":"https:\/\/tohigin.multonworld.com\/#website","url":"https:\/\/tohigin.multonworld.com\/","name":"TOHI Distillery","description":"Gin distillery - production, sales &amp; gin tours","publisher":{"@id":"https:\/\/tohigin.multonworld.com\/#organization"},"potentialAction":[{"@type":"SearchAction","target":{"@type":"EntryPoint","urlTemplate":"https:\/\/tohigin.multonworld.com\/?s={search_term_string}"},"query-input":{"@type":"PropertyValueSpecification","valueRequired":true,"valueName":"search_term_string"}}],"inLanguage":"ru-RU"},{"@type":"Organization","@id":"https:\/\/tohigin.multonworld.com\/#organization","name":"Tohi Distillery","url":"https:\/\/tohigin.multonworld.com\/","logo":{"@type":"ImageObject","inLanguage":"ru-RU","@id":"https:\/\/tohigin.multonworld.com\/#\/schema\/logo\/image\/","url":"https:\/\/tohigin.multonworld.com\/wp-content\/uploads\/2021\/01\/tohi-logo-r-1.png","contentUrl":"https:\/\/tohigin.multonworld.com\/wp-content\/uploads\/2021\/01\/tohi-logo-r-1.png","width":88,"height":120,"caption":"Tohi Distillery"},"image":{"@id":"https:\/\/tohigin.multonworld.com\/#\/schema\/logo\/image\/"},"sameAs":["https:\/\/www.facebook.com\/tohidistillery","https:\/\/www.instagram.com\/tohi_gin\/"]}]}},"_links":{"self":[{"href":"https:\/\/tohigin.multonworld.com\/ru\/wp-json\/wp\/v2\/product\/4676","targetHints":{"allow":["GET"]}}],"collection":[{"href":"https:\/\/tohigin.multonworld.com\/ru\/wp-json\/wp\/v2\/product"}],"about":[{"href":"https:\/\/tohigin.multonworld.com\/ru\/wp-json\/wp\/v2\/types\/product"}],"wp:attachment":[{"href":"https:\/\/tohigin.multonworld.com\/ru\/wp-json\/wp\/v2\/media?parent=4676"}],"wp:term":[{"taxonomy":"product_brand","embeddable":true,"href":"https:\/\/tohigin.multonworld.com\/ru\/wp-json\/wp\/v2\/product_brand?post=4676"},{"taxonomy":"product_cat","embeddable":true,"href":"https:\/\/tohigin.multonworld.com\/ru\/wp-json\/wp\/v2\/product_cat?post=4676"},{"taxonomy":"product_tag","embeddable":true,"href":"https:\/\/tohigin.multonworld.com\/ru\/wp-json\/wp\/v2\/product_tag?post=4676"},{"taxonomy":"giftcard-category","embeddable":true,"href":"https:\/\/tohigin.multonworld.com\/ru\/wp-json\/wp\/v2\/giftcard-category?post=4676"}],"curies":[{"name":"wp","href":"https:\/\/api.w.org\/{rel}","templated":true}]}}