{"id":4677,"date":"2020-09-25T12:51:48","date_gmt":"2020-09-25T09:51:48","guid":{"rendered":"https:\/\/tohigin.com\/toode\/tohi-bokal\/"},"modified":"2024-06-11T01:01:21","modified_gmt":"2024-06-10T22:01:21","slug":"tohi-bokal","status":"publish","type":"product","link":"https:\/\/tohigin.multonworld.com\/ru\/toode\/tohi-bokal\/","title":{"rendered":"TOHI \u0431\u043e\u043a\u0430\u043b"},"content":{"rendered":"","protected":false},"excerpt":{"rendered":"<p><span data-sheets-value=\"{&quot;1&quot;:2,&quot;2&quot;:&quot;TOHI signeeringuga COPA stiilis klaas.nAntud kujuga klaas on k\u00f5ige \u00f5igem \u00fche t\u00f5elise &quot;TOHI-tooniku&quot; nautimiseks.&quot;}\" data-sheets-userformat=\"{&quot;2&quot;:961,&quot;3&quot;:{&quot;1&quot;:0},&quot;9&quot;:0,&quot;10&quot;:1,&quot;11&quot;:4,&quot;12&quot;:0}\">TOHI \u0431\u043e\u043a\u0430\u043b \u0434\u043b\u044f \u0434\u0436\u0438\u043d-\u0442\u043e\u043d\u0438\u043a\u0430 \u0441 \u043b\u043e\u0433\u043e\u0442\u0438\u043f\u043e\u043c, 630 \u043c\u043b.<br \/>\n\u0411\u043e\u043a\u0430\u043b \u0442\u0430\u043a\u043e\u0439 \u0444\u043e\u0440\u043c\u044b \u043a\u0430\u043a \u043d\u0435\u043b\u044c\u0437\u044f \u043b\u0443\u0447\u0448\u0435 \u043f\u043e\u0434\u0445\u043e\u0434\u0438\u0442 \u0434\u043b\u044f \u043f\u043e\u0434\u0430\u0447\u0438 \u043e\u0434\u043d\u043e\u0433\u043e \u043d\u0430\u0441\u0442\u043e\u044f\u0449\u0435\u0433\u043e \u0442\u043e\u043d\u0438\u043a\u0430 TOHI-GIN. \u0415\u0433\u043e \u0442\u0430\u043a\u0436\u0435 \u0447\u0430\u0441\u0442\u043e \u043d\u0430\u0437\u044b\u0432\u0430\u044e\u0442 \u0431\u043e\u043a\u0430\u043b\u043e\u043c \u00abcopa\u00bb, \u0447\u0442\u043e \u043f\u0440\u043e\u0438\u0441\u0445\u043e\u0434\u0438\u0442 \u043e\u0442 \u0438\u0441\u043f\u0430\u043d\u0441\u043a\u043e\u0433\u043e \u044f\u0437\u044b\u043a\u0430 \u0438 \u043e\u0437\u043d\u0430\u0447\u0430\u0435\u0442 \u00ab\u043a\u043e\u043a\u0442\u0435\u0439\u043b\u044c\u00bb \u0438\u043b\u0438 \u00ab\u0431\u043e\u043a\u0430\u043b\u00bb. \u0423 \u0445\u043e\u0440\u043e\u0448\u0435\u0433\u043e \u0440\u0435\u0431\u0435\u043d\u043a\u0430 \u043d\u0435\u0441\u043a\u043e\u043b\u044c\u043a\u043e \u0438\u043c\u0435\u043d, \u0430 \u0432\u044b \u043d\u0430\u0441\u0442\u043e\u044f\u0449\u0438\u0439 \u0431\u0430\u0440\u043d\u044b\u0439 \u0432\u043e\u043b\u0448\u0435\u0431\u043d\u0438\u043a, \u0440\u0430\u0437\u043d\u043e\u0441\u044f \u043d\u0430\u043f\u0438\u0442\u043a\u0438 \u0432 \u0442\u0430\u043a\u043e\u043c \u0441\u0442\u0430\u043a\u0430\u043d\u0435.<br \/>\n<\/span><\/p>\n<p>\u041a\u0430\u043a \u043f\u0440\u0438\u0433\u043e\u0442\u043e\u0432\u0438\u0442\u044c Tohi G&amp;T? \u041f\u043e\u0441\u043c\u043e\u0442\u0440\u0435\u0442\u044c \u0440\u0435\u0446\u0435\u043f\u0442 <a href=\"https:\/\/tohigin.multonworld.com\/kokteilid\/\" target=\"_blank\" rel=\"noopener noreferrer\">\u0442\u0443\u0442.<\/a><\/p>\n<p>NB! \u041a\u0443\u043f\u043b\u0435\u043d\u043d\u044b\u0439 Tohi \u0432 \u044d-\u043c\u0430\u0433\u0430\u0437\u0438\u043d\u0435 \u043d\u0430\u0447\u0438\u043d\u0430\u044f \u0441 \u0441\u0443\u043c\u043c\u044b 50\u20ac \u2013 \u0442\u0440\u0430\u043d\u0441\u043f\u043e\u0440\u0442\u0438\u0440\u043e\u0432\u043a\u0430 \u043f\u043e\u0441\u044b\u043b\u043e\u0447\u043d\u044b\u043c \u0430\u0432\u0442\u043e\u043c\u0430\u0442\u043e\u043c \u0431\u0435\u0441\u043f\u043b\u0430\u0442\u043d\u043e!<\/p>\n","protected":false},"featured_media":2405,"template":"","meta":{"_acf_changed":false,"inline_featured_image":false},"product_brand":[],"product_cat":[50],"product_tag":[],"giftcard-category":[],"class_list":{"0":"post-4677","1":"product","2":"type-product","3":"status-publish","4":"has-post-thumbnail","6":"product_cat-merch-tohi","8":"first","9":"instock","10":"taxable","11":"shipping-taxable","12":"purchasable","13":"product-type-simple"},"acf":[],"yoast_head":"<!-- This site is optimized with the Yoast SEO plugin v27.4 - https:\/\/yoast.com\/product\/yoast-seo-wordpress\/ -->\n<title>\u0421\u0442\u0430\u043a\u0430\u043d Tohi Gin Copa \u0434\u043b\u044f \u043f\u0440\u0438\u0433\u043e\u0442\u043e\u0432\u043b\u0435\u043d\u0438\u044f \u043a\u043e\u043a\u0442\u0435\u0439\u043b\u0435\u0439 \u0441 \u0434\u0436\u0438\u043d-\u0442\u043e\u043d\u0438\u043a\u043e\u043c<\/title>\n<meta name=\"description\" content=\"\u0421\u0442\u0430\u043a\u0430\u043d \u043d\u0430\u0441\u0442\u043e\u044f\u0449\u0435\u0433\u043e \u0434\u0436\u0438\u043d-\u0442\u043e\u043d\u0438\u043a\u0430 \u0441 \u043a\u0440\u0430\u0441\u0438\u0432\u044b\u043c \u043b\u043e\u0433\u043e\u0442\u0438\u043f\u043e\u043c. \u0422\u0430\u043a\u0436\u0435 \u0438\u0437\u0432\u0435\u0441\u0442\u0435\u043d \u043a\u0430\u043a \u0442\u0440\u043e\u0444\u0435\u0439 \u00ab\u043a\u043e\u043f\u0430\u00bb, \u0447\u0442\u043e \u0434\u0435\u043b\u0430\u0435\u0442 \u043a\u043e\u043a\u0442\u0435\u0439\u043b\u044c \u043c\u0433\u043d\u043e\u0432\u0435\u043d\u043d\u043e \u0432\u0435\u043b\u0438\u043a\u043e\u043b\u0435\u043f\u043d\u044b\u043c.\" \/>\n<meta name=\"robots\" content=\"index, follow, max-snippet:-1, max-image-preview:large, max-video-preview:-1\" \/>\n<link rel=\"canonical\" href=\"https:\/\/tohigin.multonworld.com\/toode\/tohi-pokaal\/\" \/>\n<meta property=\"og:locale\" content=\"ru_RU\" \/>\n<meta property=\"og:type\" content=\"article\" \/>\n<meta property=\"og:title\" content=\"\u0421\u0442\u0430\u043a\u0430\u043d Tohi Gin Copa \u0434\u043b\u044f \u043f\u0440\u0438\u0433\u043e\u0442\u043e\u0432\u043b\u0435\u043d\u0438\u044f \u043a\u043e\u043a\u0442\u0435\u0439\u043b\u0435\u0439 \u0441 \u0434\u0436\u0438\u043d-\u0442\u043e\u043d\u0438\u043a\u043e\u043c\" \/>\n<meta property=\"og:description\" content=\"\u0421\u0442\u0430\u043a\u0430\u043d \u043d\u0430\u0441\u0442\u043e\u044f\u0449\u0435\u0433\u043e \u0434\u0436\u0438\u043d-\u0442\u043e\u043d\u0438\u043a\u0430 \u0441 \u043a\u0440\u0430\u0441\u0438\u0432\u044b\u043c \u043b\u043e\u0433\u043e\u0442\u0438\u043f\u043e\u043c. \u0422\u0430\u043a\u0436\u0435 \u0438\u0437\u0432\u0435\u0441\u0442\u0435\u043d \u043a\u0430\u043a \u0442\u0440\u043e\u0444\u0435\u0439 \u00ab\u043a\u043e\u043f\u0430\u00bb, \u0447\u0442\u043e \u0434\u0435\u043b\u0430\u0435\u0442 \u043a\u043e\u043a\u0442\u0435\u0439\u043b\u044c \u043c\u0433\u043d\u043e\u0432\u0435\u043d\u043d\u043e \u0432\u0435\u043b\u0438\u043a\u043e\u043b\u0435\u043f\u043d\u044b\u043c.\" \/>\n<meta property=\"og:url\" content=\"https:\/\/tohigin.multonworld.com\/toode\/tohi-pokaal\/\" \/>\n<meta property=\"og:site_name\" content=\"TOHI Distillery\" \/>\n<meta property=\"article:publisher\" content=\"https:\/\/www.facebook.com\/tohidistillery\" \/>\n<meta property=\"article:modified_time\" content=\"2024-06-10T22:01:21+00:00\" \/>\n<meta property=\"og:image\" content=\"https:\/\/tohigin.multonworld.com\/wp-content\/uploads\/2020\/09\/tohipokaal.png\" \/>\n\t<meta property=\"og:image:width\" content=\"1181\" \/>\n\t<meta property=\"og:image:height\" content=\"1181\" \/>\n\t<meta property=\"og:image:type\" content=\"image\/png\" \/>\n<meta name=\"twitter:card\" content=\"summary_large_image\" \/>\n<script type=\"application\/ld+json\" class=\"yoast-schema-graph\">{\"@context\":\"https:\\\/\\\/schema.org\",\"@graph\":[{\"@type\":\"WebPage\",\"@id\":\"https:\\\/\\\/tohigin.multonworld.com\\\/toode\\\/tohi-pokaal\\\/\",\"url\":\"https:\\\/\\\/tohigin.multonworld.com\\\/toode\\\/tohi-pokaal\\\/\",\"name\":\"\u0421\u0442\u0430\u043a\u0430\u043d Tohi Gin Copa \u0434\u043b\u044f \u043f\u0440\u0438\u0433\u043e\u0442\u043e\u0432\u043b\u0435\u043d\u0438\u044f \u043a\u043e\u043a\u0442\u0435\u0439\u043b\u0435\u0439 \u0441 \u0434\u0436\u0438\u043d-\u0442\u043e\u043d\u0438\u043a\u043e\u043c\",\"isPartOf\":{\"@id\":\"https:\\\/\\\/tohigin.multonworld.com\\\/#website\"},\"primaryImageOfPage\":{\"@id\":\"https:\\\/\\\/tohigin.multonworld.com\\\/toode\\\/tohi-pokaal\\\/#primaryimage\"},\"image\":{\"@id\":\"https:\\\/\\\/tohigin.multonworld.com\\\/toode\\\/tohi-pokaal\\\/#primaryimage\"},\"thumbnailUrl\":\"https:\\\/\\\/tohigin.multonworld.com\\\/wp-content\\\/uploads\\\/2020\\\/09\\\/tohipokaal.png\",\"datePublished\":\"2020-09-25T09:51:48+00:00\",\"dateModified\":\"2024-06-10T22:01:21+00:00\",\"description\":\"\u0421\u0442\u0430\u043a\u0430\u043d \u043d\u0430\u0441\u0442\u043e\u044f\u0449\u0435\u0433\u043e \u0434\u0436\u0438\u043d-\u0442\u043e\u043d\u0438\u043a\u0430 \u0441 \u043a\u0440\u0430\u0441\u0438\u0432\u044b\u043c \u043b\u043e\u0433\u043e\u0442\u0438\u043f\u043e\u043c. \u0422\u0430\u043a\u0436\u0435 \u0438\u0437\u0432\u0435\u0441\u0442\u0435\u043d \u043a\u0430\u043a \u0442\u0440\u043e\u0444\u0435\u0439 \u00ab\u043a\u043e\u043f\u0430\u00bb, \u0447\u0442\u043e \u0434\u0435\u043b\u0430\u0435\u0442 \u043a\u043e\u043a\u0442\u0435\u0439\u043b\u044c \u043c\u0433\u043d\u043e\u0432\u0435\u043d\u043d\u043e \u0432\u0435\u043b\u0438\u043a\u043e\u043b\u0435\u043f\u043d\u044b\u043c.\",\"breadcrumb\":{\"@id\":\"https:\\\/\\\/tohigin.multonworld.com\\\/toode\\\/tohi-pokaal\\\/#breadcrumb\"},\"inLanguage\":\"ru-RU\",\"potentialAction\":[{\"@type\":\"ReadAction\",\"target\":[\"https:\\\/\\\/tohigin.multonworld.com\\\/toode\\\/tohi-pokaal\\\/\"]}]},{\"@type\":\"ImageObject\",\"inLanguage\":\"ru-RU\",\"@id\":\"https:\\\/\\\/tohigin.multonworld.com\\\/toode\\\/tohi-pokaal\\\/#primaryimage\",\"url\":\"https:\\\/\\\/tohigin.multonworld.com\\\/wp-content\\\/uploads\\\/2020\\\/09\\\/tohipokaal.png\",\"contentUrl\":\"https:\\\/\\\/tohigin.multonworld.com\\\/wp-content\\\/uploads\\\/2020\\\/09\\\/tohipokaal.png\",\"width\":1181,\"height\":1181,\"caption\":\"\u0431\u043e\u043a\u0430\u043b \u0422\u043e\u0445\u0438\"},{\"@type\":\"BreadcrumbList\",\"@id\":\"https:\\\/\\\/tohigin.multonworld.com\\\/toode\\\/tohi-pokaal\\\/#breadcrumb\",\"itemListElement\":[{\"@type\":\"ListItem\",\"position\":1,\"name\":\"Home\",\"item\":\"https:\\\/\\\/tohigin.multonworld.com\\\/ru\\\/\"},{\"@type\":\"ListItem\",\"position\":2,\"name\":\"D\u017einni e-pood\",\"item\":\"https:\\\/\\\/tohigin.multonworld.com\\\/pood\\\/\"},{\"@type\":\"ListItem\",\"position\":3,\"name\":\"TOHI \u0431\u043e\u043a\u0430\u043b\"}]},{\"@type\":\"WebSite\",\"@id\":\"https:\\\/\\\/tohigin.multonworld.com\\\/#website\",\"url\":\"https:\\\/\\\/tohigin.multonworld.com\\\/\",\"name\":\"TOHI Distillery\",\"description\":\"Gin distillery - production, sales &amp; gin tours\",\"publisher\":{\"@id\":\"https:\\\/\\\/tohigin.multonworld.com\\\/#organization\"},\"potentialAction\":[{\"@type\":\"SearchAction\",\"target\":{\"@type\":\"EntryPoint\",\"urlTemplate\":\"https:\\\/\\\/tohigin.multonworld.com\\\/?s={search_term_string}\"},\"query-input\":{\"@type\":\"PropertyValueSpecification\",\"valueRequired\":true,\"valueName\":\"search_term_string\"}}],\"inLanguage\":\"ru-RU\"},{\"@type\":\"Organization\",\"@id\":\"https:\\\/\\\/tohigin.multonworld.com\\\/#organization\",\"name\":\"Tohi Distillery\",\"url\":\"https:\\\/\\\/tohigin.multonworld.com\\\/\",\"logo\":{\"@type\":\"ImageObject\",\"inLanguage\":\"ru-RU\",\"@id\":\"https:\\\/\\\/tohigin.multonworld.com\\\/#\\\/schema\\\/logo\\\/image\\\/\",\"url\":\"https:\\\/\\\/tohigin.multonworld.com\\\/wp-content\\\/uploads\\\/2021\\\/01\\\/tohi-logo-r-1.png\",\"contentUrl\":\"https:\\\/\\\/tohigin.multonworld.com\\\/wp-content\\\/uploads\\\/2021\\\/01\\\/tohi-logo-r-1.png\",\"width\":88,\"height\":120,\"caption\":\"Tohi Distillery\"},\"image\":{\"@id\":\"https:\\\/\\\/tohigin.multonworld.com\\\/#\\\/schema\\\/logo\\\/image\\\/\"},\"sameAs\":[\"https:\\\/\\\/www.facebook.com\\\/tohidistillery\",\"https:\\\/\\\/www.instagram.com\\\/tohi_gin\\\/\"]}]}<\/script>\n<!-- \/ Yoast SEO plugin. -->","yoast_head_json":{"title":"\u0421\u0442\u0430\u043a\u0430\u043d Tohi Gin Copa \u0434\u043b\u044f \u043f\u0440\u0438\u0433\u043e\u0442\u043e\u0432\u043b\u0435\u043d\u0438\u044f \u043a\u043e\u043a\u0442\u0435\u0439\u043b\u0435\u0439 \u0441 \u0434\u0436\u0438\u043d-\u0442\u043e\u043d\u0438\u043a\u043e\u043c","description":"\u0421\u0442\u0430\u043a\u0430\u043d \u043d\u0430\u0441\u0442\u043e\u044f\u0449\u0435\u0433\u043e \u0434\u0436\u0438\u043d-\u0442\u043e\u043d\u0438\u043a\u0430 \u0441 \u043a\u0440\u0430\u0441\u0438\u0432\u044b\u043c \u043b\u043e\u0433\u043e\u0442\u0438\u043f\u043e\u043c. \u0422\u0430\u043a\u0436\u0435 \u0438\u0437\u0432\u0435\u0441\u0442\u0435\u043d \u043a\u0430\u043a \u0442\u0440\u043e\u0444\u0435\u0439 \u00ab\u043a\u043e\u043f\u0430\u00bb, \u0447\u0442\u043e \u0434\u0435\u043b\u0430\u0435\u0442 \u043a\u043e\u043a\u0442\u0435\u0439\u043b\u044c \u043c\u0433\u043d\u043e\u0432\u0435\u043d\u043d\u043e \u0432\u0435\u043b\u0438\u043a\u043e\u043b\u0435\u043f\u043d\u044b\u043c.","robots":{"index":"index","follow":"follow","max-snippet":"max-snippet:-1","max-image-preview":"max-image-preview:large","max-video-preview":"max-video-preview:-1"},"canonical":"https:\/\/tohigin.multonworld.com\/toode\/tohi-pokaal\/","og_locale":"ru_RU","og_type":"article","og_title":"\u0421\u0442\u0430\u043a\u0430\u043d Tohi Gin Copa \u0434\u043b\u044f \u043f\u0440\u0438\u0433\u043e\u0442\u043e\u0432\u043b\u0435\u043d\u0438\u044f \u043a\u043e\u043a\u0442\u0435\u0439\u043b\u0435\u0439 \u0441 \u0434\u0436\u0438\u043d-\u0442\u043e\u043d\u0438\u043a\u043e\u043c","og_description":"\u0421\u0442\u0430\u043a\u0430\u043d \u043d\u0430\u0441\u0442\u043e\u044f\u0449\u0435\u0433\u043e \u0434\u0436\u0438\u043d-\u0442\u043e\u043d\u0438\u043a\u0430 \u0441 \u043a\u0440\u0430\u0441\u0438\u0432\u044b\u043c \u043b\u043e\u0433\u043e\u0442\u0438\u043f\u043e\u043c. \u0422\u0430\u043a\u0436\u0435 \u0438\u0437\u0432\u0435\u0441\u0442\u0435\u043d \u043a\u0430\u043a \u0442\u0440\u043e\u0444\u0435\u0439 \u00ab\u043a\u043e\u043f\u0430\u00bb, \u0447\u0442\u043e \u0434\u0435\u043b\u0430\u0435\u0442 \u043a\u043e\u043a\u0442\u0435\u0439\u043b\u044c \u043c\u0433\u043d\u043e\u0432\u0435\u043d\u043d\u043e \u0432\u0435\u043b\u0438\u043a\u043e\u043b\u0435\u043f\u043d\u044b\u043c.","og_url":"https:\/\/tohigin.multonworld.com\/toode\/tohi-pokaal\/","og_site_name":"TOHI Distillery","article_publisher":"https:\/\/www.facebook.com\/tohidistillery","article_modified_time":"2024-06-10T22:01:21+00:00","og_image":[{"width":1181,"height":1181,"url":"https:\/\/tohigin.multonworld.com\/wp-content\/uploads\/2020\/09\/tohipokaal.png","type":"image\/png"}],"twitter_card":"summary_large_image","schema":{"@context":"https:\/\/schema.org","@graph":[{"@type":"WebPage","@id":"https:\/\/tohigin.multonworld.com\/toode\/tohi-pokaal\/","url":"https:\/\/tohigin.multonworld.com\/toode\/tohi-pokaal\/","name":"\u0421\u0442\u0430\u043a\u0430\u043d Tohi Gin Copa \u0434\u043b\u044f \u043f\u0440\u0438\u0433\u043e\u0442\u043e\u0432\u043b\u0435\u043d\u0438\u044f \u043a\u043e\u043a\u0442\u0435\u0439\u043b\u0435\u0439 \u0441 \u0434\u0436\u0438\u043d-\u0442\u043e\u043d\u0438\u043a\u043e\u043c","isPartOf":{"@id":"https:\/\/tohigin.multonworld.com\/#website"},"primaryImageOfPage":{"@id":"https:\/\/tohigin.multonworld.com\/toode\/tohi-pokaal\/#primaryimage"},"image":{"@id":"https:\/\/tohigin.multonworld.com\/toode\/tohi-pokaal\/#primaryimage"},"thumbnailUrl":"https:\/\/tohigin.multonworld.com\/wp-content\/uploads\/2020\/09\/tohipokaal.png","datePublished":"2020-09-25T09:51:48+00:00","dateModified":"2024-06-10T22:01:21+00:00","description":"\u0421\u0442\u0430\u043a\u0430\u043d \u043d\u0430\u0441\u0442\u043e\u044f\u0449\u0435\u0433\u043e \u0434\u0436\u0438\u043d-\u0442\u043e\u043d\u0438\u043a\u0430 \u0441 \u043a\u0440\u0430\u0441\u0438\u0432\u044b\u043c \u043b\u043e\u0433\u043e\u0442\u0438\u043f\u043e\u043c. \u0422\u0430\u043a\u0436\u0435 \u0438\u0437\u0432\u0435\u0441\u0442\u0435\u043d \u043a\u0430\u043a \u0442\u0440\u043e\u0444\u0435\u0439 \u00ab\u043a\u043e\u043f\u0430\u00bb, \u0447\u0442\u043e \u0434\u0435\u043b\u0430\u0435\u0442 \u043a\u043e\u043a\u0442\u0435\u0439\u043b\u044c \u043c\u0433\u043d\u043e\u0432\u0435\u043d\u043d\u043e \u0432\u0435\u043b\u0438\u043a\u043e\u043b\u0435\u043f\u043d\u044b\u043c.","breadcrumb":{"@id":"https:\/\/tohigin.multonworld.com\/toode\/tohi-pokaal\/#breadcrumb"},"inLanguage":"ru-RU","potentialAction":[{"@type":"ReadAction","target":["https:\/\/tohigin.multonworld.com\/toode\/tohi-pokaal\/"]}]},{"@type":"ImageObject","inLanguage":"ru-RU","@id":"https:\/\/tohigin.multonworld.com\/toode\/tohi-pokaal\/#primaryimage","url":"https:\/\/tohigin.multonworld.com\/wp-content\/uploads\/2020\/09\/tohipokaal.png","contentUrl":"https:\/\/tohigin.multonworld.com\/wp-content\/uploads\/2020\/09\/tohipokaal.png","width":1181,"height":1181,"caption":"\u0431\u043e\u043a\u0430\u043b \u0422\u043e\u0445\u0438"},{"@type":"BreadcrumbList","@id":"https:\/\/tohigin.multonworld.com\/toode\/tohi-pokaal\/#breadcrumb","itemListElement":[{"@type":"ListItem","position":1,"name":"Home","item":"https:\/\/tohigin.multonworld.com\/ru\/"},{"@type":"ListItem","position":2,"name":"D\u017einni e-pood","item":"https:\/\/tohigin.multonworld.com\/pood\/"},{"@type":"ListItem","position":3,"name":"TOHI \u0431\u043e\u043a\u0430\u043b"}]},{"@type":"WebSite","@id":"https:\/\/tohigin.multonworld.com\/#website","url":"https:\/\/tohigin.multonworld.com\/","name":"TOHI Distillery","description":"Gin distillery - production, sales &amp; gin tours","publisher":{"@id":"https:\/\/tohigin.multonworld.com\/#organization"},"potentialAction":[{"@type":"SearchAction","target":{"@type":"EntryPoint","urlTemplate":"https:\/\/tohigin.multonworld.com\/?s={search_term_string}"},"query-input":{"@type":"PropertyValueSpecification","valueRequired":true,"valueName":"search_term_string"}}],"inLanguage":"ru-RU"},{"@type":"Organization","@id":"https:\/\/tohigin.multonworld.com\/#organization","name":"Tohi Distillery","url":"https:\/\/tohigin.multonworld.com\/","logo":{"@type":"ImageObject","inLanguage":"ru-RU","@id":"https:\/\/tohigin.multonworld.com\/#\/schema\/logo\/image\/","url":"https:\/\/tohigin.multonworld.com\/wp-content\/uploads\/2021\/01\/tohi-logo-r-1.png","contentUrl":"https:\/\/tohigin.multonworld.com\/wp-content\/uploads\/2021\/01\/tohi-logo-r-1.png","width":88,"height":120,"caption":"Tohi Distillery"},"image":{"@id":"https:\/\/tohigin.multonworld.com\/#\/schema\/logo\/image\/"},"sameAs":["https:\/\/www.facebook.com\/tohidistillery","https:\/\/www.instagram.com\/tohi_gin\/"]}]}},"_links":{"self":[{"href":"https:\/\/tohigin.multonworld.com\/ru\/wp-json\/wp\/v2\/product\/4677","targetHints":{"allow":["GET"]}}],"collection":[{"href":"https:\/\/tohigin.multonworld.com\/ru\/wp-json\/wp\/v2\/product"}],"about":[{"href":"https:\/\/tohigin.multonworld.com\/ru\/wp-json\/wp\/v2\/types\/product"}],"wp:featuredmedia":[{"embeddable":true,"href":"https:\/\/tohigin.multonworld.com\/ru\/wp-json\/wp\/v2\/media\/2405"}],"wp:attachment":[{"href":"https:\/\/tohigin.multonworld.com\/ru\/wp-json\/wp\/v2\/media?parent=4677"}],"wp:term":[{"taxonomy":"product_brand","embeddable":true,"href":"https:\/\/tohigin.multonworld.com\/ru\/wp-json\/wp\/v2\/product_brand?post=4677"},{"taxonomy":"product_cat","embeddable":true,"href":"https:\/\/tohigin.multonworld.com\/ru\/wp-json\/wp\/v2\/product_cat?post=4677"},{"taxonomy":"product_tag","embeddable":true,"href":"https:\/\/tohigin.multonworld.com\/ru\/wp-json\/wp\/v2\/product_tag?post=4677"},{"taxonomy":"giftcard-category","embeddable":true,"href":"https:\/\/tohigin.multonworld.com\/ru\/wp-json\/wp\/v2\/giftcard-category?post=4677"}],"curies":[{"name":"wp","href":"https:\/\/api.w.org\/{rel}","templated":true}]}}