{"id":9046,"date":"2020-09-21T08:36:25","date_gmt":"2020-09-21T06:36:25","guid":{"rendered":"https:\/\/tohigin.com\/pood\/"},"modified":"2024-06-13T16:58:09","modified_gmt":"2024-06-13T13:58:09","slug":"shop","status":"publish","type":"page","link":"https:\/\/tohigin.multonworld.com\/sv\/shop\/","title":{"rendered":"Gin Shop"},"content":{"rendered":"[vc_row type=&#8221;in_container&#8221; full_screen_row_position=&#8221;middle&#8221; column_margin=&#8221;default&#8221; column_direction=&#8221;default&#8221; column_direction_tablet=&#8221;default&#8221; column_direction_phone=&#8221;default&#8221; scene_position=&#8221;center&#8221; text_color=&#8221;dark&#8221; text_align=&#8221;left&#8221; row_border_radius=&#8221;none&#8221; row_border_radius_applies=&#8221;bg&#8221; overlay_strength=&#8221;0.3&#8243; gradient_direction=&#8221;left_to_right&#8221; shape_divider_position=&#8221;bottom&#8221; bg_image_animation=&#8221;none&#8221;][vc_column column_padding=&#8221;no-extra-padding&#8221; column_padding_tablet=&#8221;inherit&#8221; column_padding_phone=&#8221;inherit&#8221; column_padding_position=&#8221;all&#8221; column_element_spacing=&#8221;default&#8221; background_color_opacity=&#8221;1&#8243; background_hover_color_opacity=&#8221;1&#8243; column_shadow=&#8221;none&#8221; column_border_radius=&#8221;none&#8221; column_link_target=&#8221;_self&#8221; gradient_direction=&#8221;left_to_right&#8221; overlay_strength=&#8221;0.3&#8243; width=&#8221;1\/1&#8243; tablet_width_inherit=&#8221;default&#8221; tablet_text_alignment=&#8221;default&#8221; phone_text_alignment=&#8221;default&#8221; bg_image_animation=&#8221;none&#8221; border_type=&#8221;simple&#8221; column_border_width=&#8221;none&#8221; column_border_style=&#8221;solid&#8221;][vc_column_text]<a href=\"https:\/\/www.systembolaget.se\/produkt\/sprit\/tohi-nordic-dry-gin-8520202\/\" target=\"_blank\" rel=\"noopener\">TOHI Nordic Dry Gin Cloudberry Mist<\/a><br \/>\n<a href=\"https:\/\/www.systembolaget.se\/produkt\/sprit\/tohi-distillery-ou-8510802\/\" target=\"_blank\" rel=\"noopener\">TOHI London Dry Gin Ginger &amp; Sichuan Pepper<\/a>[\/vc_column_text][vc_raw_html]JTNDc3R5bGUlM0UlMEEud29vY29tbWVyY2UtaW5mbyUyQyUyMC53aWRnZXRfcHJvZHVjdF9jYXRlZ29yaWVzJTIwJTdCZGlzcGxheSUzQSUyMG5vbmUlM0IlN0QlMEElM0MlMkZzdHlsZSUzRQ==[\/vc_raw_html][\/vc_column][\/vc_row]\n","protected":false},"excerpt":{"rendered":"<p>[vc_row type=&#8221;in_container&#8221; full_screen_row_position=&#8221;middle&#8221; column_margin=&#8221;default&#8221; column_direction=&#8221;default&#8221; column_direction_tablet=&#8221;default&#8221; column_direction_phone=&#8221;default&#8221; scene_position=&#8221;center&#8221; text_color=&#8221;dark&#8221; text_align=&#8221;left&#8221; row_border_radius=&#8221;none&#8221; row_border_radius_applies=&#8221;bg&#8221; overlay_strength=&#8221;0.3&#8243; gradient_direction=&#8221;left_to_right&#8221; shape_divider_position=&#8221;bottom&#8221; bg_image_animation=&#8221;none&#8221;][vc_column column_padding=&#8221;no-extra-padding&#8221; column_padding_tablet=&#8221;inherit&#8221; column_padding_phone=&#8221;inherit&#8221; column_padding_position=&#8221;all&#8221; column_element_spacing=&#8221;default&#8221; background_color_opacity=&#8221;1&#8243; background_hover_color_opacity=&#8221;1&#8243; column_shadow=&#8221;none&#8221; column_border_radius=&#8221;none&#8221; column_link_target=&#8221;_self&#8221; gradient_direction=&#8221;left_to_right&#8221; overlay_strength=&#8221;0.3&#8243; width=&#8221;1\/1&#8243; tablet_width_inherit=&#8221;default&#8221;&#8230;<\/p>\n","protected":false},"author":1,"featured_media":0,"parent":0,"menu_order":0,"comment_status":"closed","ping_status":"closed","template":"","meta":{"_acf_changed":false,"inline_featured_image":false,"footnotes":""},"class_list":["post-9046","page","type-page","status-publish"],"acf":[],"yoast_head":"<!-- This site is optimized with the Yoast SEO plugin v27.4 - https:\/\/yoast.com\/product\/yoast-seo-wordpress\/ -->\n<title>Ginbutik - presentaskar, gin, f\u00f6retagspresenter, glas med mera<\/title>\n<meta name=\"description\" content=\"Gin butik online. Det b\u00e4sta urvalet av gin\u00e4lskares produkter - gin och tonicglas, den b\u00e4sta ginen, t-shirts, presentf\u00f6rpackningar\" \/>\n<meta name=\"robots\" content=\"index, follow, max-snippet:-1, max-image-preview:large, max-video-preview:-1\" \/>\n<link rel=\"canonical\" href=\"https:\/\/tohigin.multonworld.com\/sv\/shop\/\" \/>\n<meta property=\"og:locale\" content=\"sv_SE\" \/>\n<meta property=\"og:type\" content=\"article\" \/>\n<meta property=\"og:title\" content=\"TOHI Distillery Gin Shop\" \/>\n<meta property=\"og:description\" content=\"TOHI Distillery\" \/>\n<meta property=\"og:url\" content=\"https:\/\/tohigin.multonworld.com\/sv\/shop\/\" \/>\n<meta property=\"og:site_name\" content=\"TOHI Distillery\" \/>\n<meta property=\"article:publisher\" content=\"https:\/\/www.facebook.com\/tohidistillery\" \/>\n<meta property=\"article:modified_time\" content=\"2024-06-13T13:58:09+00:00\" \/>\n<meta property=\"og:image\" content=\"https:\/\/tohigin.multonworld.com\/wp-content\/uploads\/2020\/11\/tohi-home-2.jpg\" \/>\n\t<meta property=\"og:image:width\" content=\"1000\" \/>\n\t<meta property=\"og:image:height\" content=\"1500\" \/>\n\t<meta property=\"og:image:type\" content=\"image\/jpeg\" \/>\n<meta name=\"twitter:card\" content=\"summary_large_image\" \/>\n<meta name=\"twitter:label1\" content=\"Ber\u00e4knad l\u00e4stid\" \/>\n\t<meta name=\"twitter:data1\" content=\"1 minut\" \/>\n<script type=\"application\/ld+json\" class=\"yoast-schema-graph\">{\"@context\":\"https:\\\/\\\/schema.org\",\"@graph\":[{\"@type\":\"WebPage\",\"@id\":\"https:\\\/\\\/tohigin.multonworld.com\\\/sv\\\/shop\\\/\",\"url\":\"https:\\\/\\\/tohigin.multonworld.com\\\/sv\\\/shop\\\/\",\"name\":\"Ginbutik - presentaskar, gin, f\u00f6retagspresenter, glas med mera\",\"isPartOf\":{\"@id\":\"https:\\\/\\\/tohigin.multonworld.com\\\/#website\"},\"datePublished\":\"2020-09-21T06:36:25+00:00\",\"dateModified\":\"2024-06-13T13:58:09+00:00\",\"description\":\"Gin butik online. Det b\u00e4sta urvalet av gin\u00e4lskares produkter - gin och tonicglas, den b\u00e4sta ginen, t-shirts, presentf\u00f6rpackningar\",\"breadcrumb\":{\"@id\":\"https:\\\/\\\/tohigin.multonworld.com\\\/sv\\\/shop\\\/#breadcrumb\"},\"inLanguage\":\"sv-SE\",\"potentialAction\":[{\"@type\":\"ReadAction\",\"target\":[\"https:\\\/\\\/tohigin.multonworld.com\\\/sv\\\/shop\\\/\"]}]},{\"@type\":\"BreadcrumbList\",\"@id\":\"https:\\\/\\\/tohigin.multonworld.com\\\/sv\\\/shop\\\/#breadcrumb\",\"itemListElement\":[{\"@type\":\"ListItem\",\"position\":1,\"name\":\"Home\",\"item\":\"https:\\\/\\\/tohigin.multonworld.com\\\/sv\\\/\"},{\"@type\":\"ListItem\",\"position\":2,\"name\":\"Gin Shop\"}]},{\"@type\":\"WebSite\",\"@id\":\"https:\\\/\\\/tohigin.multonworld.com\\\/#website\",\"url\":\"https:\\\/\\\/tohigin.multonworld.com\\\/\",\"name\":\"TOHI Distillery\",\"description\":\"Gin distillery - production, sales &amp; gin tours\",\"publisher\":{\"@id\":\"https:\\\/\\\/tohigin.multonworld.com\\\/#organization\"},\"potentialAction\":[{\"@type\":\"SearchAction\",\"target\":{\"@type\":\"EntryPoint\",\"urlTemplate\":\"https:\\\/\\\/tohigin.multonworld.com\\\/?s={search_term_string}\"},\"query-input\":{\"@type\":\"PropertyValueSpecification\",\"valueRequired\":true,\"valueName\":\"search_term_string\"}}],\"inLanguage\":\"sv-SE\"},{\"@type\":\"Organization\",\"@id\":\"https:\\\/\\\/tohigin.multonworld.com\\\/#organization\",\"name\":\"Tohi Distillery\",\"url\":\"https:\\\/\\\/tohigin.multonworld.com\\\/\",\"logo\":{\"@type\":\"ImageObject\",\"inLanguage\":\"sv-SE\",\"@id\":\"https:\\\/\\\/tohigin.multonworld.com\\\/#\\\/schema\\\/logo\\\/image\\\/\",\"url\":\"https:\\\/\\\/tohigin.multonworld.com\\\/wp-content\\\/uploads\\\/2021\\\/01\\\/tohi-logo-r-1.png\",\"contentUrl\":\"https:\\\/\\\/tohigin.multonworld.com\\\/wp-content\\\/uploads\\\/2021\\\/01\\\/tohi-logo-r-1.png\",\"width\":88,\"height\":120,\"caption\":\"Tohi Distillery\"},\"image\":{\"@id\":\"https:\\\/\\\/tohigin.multonworld.com\\\/#\\\/schema\\\/logo\\\/image\\\/\"},\"sameAs\":[\"https:\\\/\\\/www.facebook.com\\\/tohidistillery\",\"https:\\\/\\\/www.instagram.com\\\/tohi_gin\\\/\"]}]}<\/script>\n<!-- \/ Yoast SEO plugin. -->","yoast_head_json":{"title":"Ginbutik - presentaskar, gin, f\u00f6retagspresenter, glas med mera","description":"Gin butik online. Det b\u00e4sta urvalet av gin\u00e4lskares produkter - gin och tonicglas, den b\u00e4sta ginen, t-shirts, presentf\u00f6rpackningar","robots":{"index":"index","follow":"follow","max-snippet":"max-snippet:-1","max-image-preview":"max-image-preview:large","max-video-preview":"max-video-preview:-1"},"canonical":"https:\/\/tohigin.multonworld.com\/sv\/shop\/","og_locale":"sv_SE","og_type":"article","og_title":"TOHI Distillery Gin Shop","og_description":"TOHI Distillery","og_url":"https:\/\/tohigin.multonworld.com\/sv\/shop\/","og_site_name":"TOHI Distillery","article_publisher":"https:\/\/www.facebook.com\/tohidistillery","article_modified_time":"2024-06-13T13:58:09+00:00","og_image":[{"width":1000,"height":1500,"url":"https:\/\/tohigin.multonworld.com\/wp-content\/uploads\/2020\/11\/tohi-home-2.jpg","type":"image\/jpeg"}],"twitter_card":"summary_large_image","twitter_misc":{"Ber\u00e4knad l\u00e4stid":"1 minut"},"schema":{"@context":"https:\/\/schema.org","@graph":[{"@type":"WebPage","@id":"https:\/\/tohigin.multonworld.com\/sv\/shop\/","url":"https:\/\/tohigin.multonworld.com\/sv\/shop\/","name":"Ginbutik - presentaskar, gin, f\u00f6retagspresenter, glas med mera","isPartOf":{"@id":"https:\/\/tohigin.multonworld.com\/#website"},"datePublished":"2020-09-21T06:36:25+00:00","dateModified":"2024-06-13T13:58:09+00:00","description":"Gin butik online. Det b\u00e4sta urvalet av gin\u00e4lskares produkter - gin och tonicglas, den b\u00e4sta ginen, t-shirts, presentf\u00f6rpackningar","breadcrumb":{"@id":"https:\/\/tohigin.multonworld.com\/sv\/shop\/#breadcrumb"},"inLanguage":"sv-SE","potentialAction":[{"@type":"ReadAction","target":["https:\/\/tohigin.multonworld.com\/sv\/shop\/"]}]},{"@type":"BreadcrumbList","@id":"https:\/\/tohigin.multonworld.com\/sv\/shop\/#breadcrumb","itemListElement":[{"@type":"ListItem","position":1,"name":"Home","item":"https:\/\/tohigin.multonworld.com\/sv\/"},{"@type":"ListItem","position":2,"name":"Gin Shop"}]},{"@type":"WebSite","@id":"https:\/\/tohigin.multonworld.com\/#website","url":"https:\/\/tohigin.multonworld.com\/","name":"TOHI Distillery","description":"Gin distillery - production, sales &amp; gin tours","publisher":{"@id":"https:\/\/tohigin.multonworld.com\/#organization"},"potentialAction":[{"@type":"SearchAction","target":{"@type":"EntryPoint","urlTemplate":"https:\/\/tohigin.multonworld.com\/?s={search_term_string}"},"query-input":{"@type":"PropertyValueSpecification","valueRequired":true,"valueName":"search_term_string"}}],"inLanguage":"sv-SE"},{"@type":"Organization","@id":"https:\/\/tohigin.multonworld.com\/#organization","name":"Tohi Distillery","url":"https:\/\/tohigin.multonworld.com\/","logo":{"@type":"ImageObject","inLanguage":"sv-SE","@id":"https:\/\/tohigin.multonworld.com\/#\/schema\/logo\/image\/","url":"https:\/\/tohigin.multonworld.com\/wp-content\/uploads\/2021\/01\/tohi-logo-r-1.png","contentUrl":"https:\/\/tohigin.multonworld.com\/wp-content\/uploads\/2021\/01\/tohi-logo-r-1.png","width":88,"height":120,"caption":"Tohi Distillery"},"image":{"@id":"https:\/\/tohigin.multonworld.com\/#\/schema\/logo\/image\/"},"sameAs":["https:\/\/www.facebook.com\/tohidistillery","https:\/\/www.instagram.com\/tohi_gin\/"]}]}},"_links":{"self":[{"href":"https:\/\/tohigin.multonworld.com\/sv\/wp-json\/wp\/v2\/pages\/9046","targetHints":{"allow":["GET"]}}],"collection":[{"href":"https:\/\/tohigin.multonworld.com\/sv\/wp-json\/wp\/v2\/pages"}],"about":[{"href":"https:\/\/tohigin.multonworld.com\/sv\/wp-json\/wp\/v2\/types\/page"}],"author":[{"embeddable":true,"href":"https:\/\/tohigin.multonworld.com\/sv\/wp-json\/wp\/v2\/users\/1"}],"replies":[{"embeddable":true,"href":"https:\/\/tohigin.multonworld.com\/sv\/wp-json\/wp\/v2\/comments?post=9046"}],"version-history":[{"count":8,"href":"https:\/\/tohigin.multonworld.com\/sv\/wp-json\/wp\/v2\/pages\/9046\/revisions"}],"predecessor-version":[{"id":14700,"href":"https:\/\/tohigin.multonworld.com\/sv\/wp-json\/wp\/v2\/pages\/9046\/revisions\/14700"}],"wp:attachment":[{"href":"https:\/\/tohigin.multonworld.com\/sv\/wp-json\/wp\/v2\/media?parent=9046"}],"curies":[{"name":"wp","href":"https:\/\/api.w.org\/{rel}","templated":true}]}}