{"id":9711,"date":"2021-05-14T16:26:04","date_gmt":"2021-05-14T13:26:04","guid":{"rendered":"https:\/\/tohigin.com\/cocktails\/tohirita\/"},"modified":"2022-07-11T12:17:58","modified_gmt":"2022-07-11T09:17:58","slug":"tohirita","status":"publish","type":"page","link":"https:\/\/tohigin.multonworld.com\/sv\/cocktails\/tohirita\/","title":{"rendered":"Tohirita ehk gin Margarita"},"content":{"rendered":"[vc_row type=&#8221;full_width_background&#8221; full_screen_row_position=&#8221;middle&#8221; column_margin=&#8221;default&#8221; equal_height=&#8221;yes&#8221; content_placement=&#8221;middle&#8221; column_direction=&#8221;default&#8221; column_direction_tablet=&#8221;default&#8221; column_direction_phone=&#8221;default&#8221; scene_position=&#8221;center&#8221; top_padding=&#8221;2%&#8221; bottom_padding=&#8221;8%&#8221; text_color=&#8221;dark&#8221; text_align=&#8221;left&#8221; row_border_radius=&#8221;none&#8221; row_border_radius_applies=&#8221;bg&#8221; overlay_strength=&#8221;0.3&#8243; gradient_direction=&#8221;left_to_right&#8221; enable_shape_divider=&#8221;true&#8221; shape_divider_color=&#8221;#3d4975&#8243; shape_divider_position=&#8221;bottom&#8221; shape_divider_height=&#8221;100&#8243; bg_image_animation=&#8221;none&#8221; shape_type=&#8221;tilt&#8221;][vc_column column_padding=&#8221;no-extra-padding&#8221; column_padding_tablet=&#8221;inherit&#8221; column_padding_phone=&#8221;inherit&#8221; column_padding_position=&#8221;all&#8221; column_element_spacing=&#8221;default&#8221; background_color_opacity=&#8221;1&#8243; background_hover_color_opacity=&#8221;1&#8243; column_shadow=&#8221;none&#8221; column_border_radius=&#8221;none&#8221; column_link_target=&#8221;_self&#8221; gradient_direction=&#8221;left_to_right&#8221; overlay_strength=&#8221;0.3&#8243; width=&#8221;1\/2&#8243; tablet_width_inherit=&#8221;default&#8221; tablet_text_alignment=&#8221;default&#8221; phone_text_alignment=&#8221;default&#8221; bg_image_animation=&#8221;none&#8221; border_type=&#8221;simple&#8221; column_border_width=&#8221;none&#8221; column_border_style=&#8221;solid&#8221;][vc_column_text]\n<h3>Koostisosad:<\/h3>\n<ul>\n<li><a href=\"https:\/\/tohigin.multonworld.com\/toode\/tohi-london-dry-gin-ginger-sichuan\/\" target=\"_blank\" rel=\"noopener noreferrer\">Tohi Lodon Dry Gin Ginger &amp; Sichuan Pepper<\/a> 5 cl<\/li>\n<li>Triple sec v\u00f5i Cointreau lik\u00f6\u00f6ri 2,5 cl<\/li>\n<li>v\u00e4rskelt pressitud laimimahla 2,5 cl<\/li>\n<li>soolahelbeid (eriti h\u00e4sti sobivad soolasegud nt t\u0161illihelveste v\u00f5i paprikaga)<\/li>\n<li>laimiviil kaunistamiseks<\/li>\n<li>j\u00e4\u00e4kuubikuid<\/li>\n<\/ul>\n<p><strong>Valmistamine:<\/strong><\/p>\n<p>V\u00f5ta kokteiliklaas, niisuta klaasi serv veega v\u00f5i laimimahlaga. Seej\u00e4rel vajuta klaas tagurpidi soolaga kaetud taldrikule \u2013 soolapuru j\u00e4\u00e4b kenasti klaasi servale.\u00a0 P\u00f6\u00f6ra klaas tagasi p\u00fcsti ja t\u00e4ida j\u00e4\u00e4kuubikutega \u2013 et klaasi jahutada. Siis v\u00f5ta \u0161eiker, vala d\u017einn, j\u00e4\u00e4kuubikud ja muud komponendid. \u0160eigi umbes 16 sekundit. Kurna\u00a0 kokteil klaasi. Kaunista laimiviiluga. Viva Mexico-Tohi![\/vc_column_text][\/vc_column][vc_column column_padding=&#8221;no-extra-padding&#8221; column_padding_tablet=&#8221;inherit&#8221; column_padding_phone=&#8221;inherit&#8221; column_padding_position=&#8221;all&#8221; column_element_spacing=&#8221;default&#8221; background_color_opacity=&#8221;1&#8243; background_hover_color_opacity=&#8221;1&#8243; column_shadow=&#8221;none&#8221; column_border_radius=&#8221;none&#8221; column_link_target=&#8221;_self&#8221; gradient_direction=&#8221;left_to_right&#8221; overlay_strength=&#8221;0.3&#8243; width=&#8221;1\/2&#8243; tablet_width_inherit=&#8221;default&#8221; tablet_text_alignment=&#8221;default&#8221; phone_text_alignment=&#8221;default&#8221; bg_image_animation=&#8221;none&#8221; border_type=&#8221;simple&#8221; column_border_width=&#8221;none&#8221; column_border_style=&#8221;solid&#8221;][image_with_animation image_url=&#8221;4982&#8243; animation=&#8221;Fade In&#8221; hover_animation=&#8221;none&#8221; alignment=&#8221;&#8221; border_radius=&#8221;none&#8221; box_shadow=&#8221;none&#8221; image_loading=&#8221;default&#8221; max_width=&#8221;100%&#8221; max_width_mobile=&#8221;default&#8221; el_class=&#8221;br-50&#8243;][\/vc_column][\/vc_row][vc_row type=&#8221;full_width_background&#8221; full_screen_row_position=&#8221;middle&#8221; column_margin=&#8221;default&#8221; column_direction=&#8221;default&#8221; column_direction_tablet=&#8221;default&#8221; column_direction_phone=&#8221;default&#8221; bg_color=&#8221;#3d4975&#8243; scene_position=&#8221;center&#8221; bottom_padding=&#8221;7%&#8221; text_color=&#8221;light&#8221; text_align=&#8221;left&#8221; row_border_radius=&#8221;none&#8221; row_border_radius_applies=&#8221;bg&#8221; class=&#8221;cocktail-oks-l cocktail-oks-r&#8221; overlay_strength=&#8221;0.3&#8243; gradient_direction=&#8221;left_to_right&#8221; shape_divider_position=&#8221;bottom&#8221; bg_image_animation=&#8221;none&#8221; shape_type=&#8221;&#8221;][vc_column column_padding=&#8221;no-extra-padding&#8221; column_padding_tablet=&#8221;inherit&#8221; column_padding_phone=&#8221;inherit&#8221; column_padding_position=&#8221;all&#8221; column_element_spacing=&#8221;default&#8221; background_color_opacity=&#8221;1&#8243; background_hover_color_opacity=&#8221;1&#8243; column_shadow=&#8221;none&#8221; column_border_radius=&#8221;none&#8221; column_link_target=&#8221;_self&#8221; gradient_direction=&#8221;left_to_right&#8221; overlay_strength=&#8221;0.3&#8243; width=&#8221;1\/1&#8243; tablet_width_inherit=&#8221;default&#8221; tablet_text_alignment=&#8221;default&#8221; phone_text_alignment=&#8221;default&#8221; bg_image_animation=&#8221;none&#8221; border_type=&#8221;simple&#8221; column_border_width=&#8221;none&#8221; column_border_style=&#8221;solid&#8221;][vc_column_text el_class=&#8221;toost-title-rotate&#8221;]\n<h2>Veel kokteile<\/h2>\n[\/vc_column_text][vc_row_inner column_margin=&#8221;default&#8221; column_direction=&#8221;default&#8221; column_direction_tablet=&#8221;default&#8221; column_direction_phone=&#8221;default&#8221; text_align=&#8221;left&#8221;][vc_column_inner column_padding=&#8221;no-extra-padding&#8221; column_padding_tablet=&#8221;inherit&#8221; column_padding_phone=&#8221;inherit&#8221; column_padding_position=&#8221;all&#8221; column_element_spacing=&#8221;default&#8221; background_color_opacity=&#8221;1&#8243; background_hover_color_opacity=&#8221;1&#8243; column_shadow=&#8221;none&#8221; column_border_radius=&#8221;none&#8221; column_link_target=&#8221;_self&#8221; gradient_direction=&#8221;left_to_right&#8221; overlay_strength=&#8221;0.3&#8243; width=&#8221;1\/4&#8243; tablet_width_inherit=&#8221;default&#8221; bg_image_animation=&#8221;none&#8221; border_type=&#8221;simple&#8221; column_border_width=&#8221;none&#8221; column_border_style=&#8221;solid&#8221;][image_with_animation image_url=&#8221;3679&#8243; animation=&#8221;Fade In&#8221; hover_animation=&#8221;none&#8221; alignment=&#8221;center&#8221; border_radius=&#8221;none&#8221; box_shadow=&#8221;none&#8221; image_loading=&#8221;default&#8221; max_width=&#8221;100%&#8221; max_width_mobile=&#8221;default&#8221;][vc_column_text]\n<h4 style=\"text-align: center;\"><a href=\"https:\/\/tohigin.multonworld.com\/sv\/cocktails\/tohi-rose\/\">Tohi Ros\u00e9<\/a><\/h4>\n[\/vc_column_text][\/vc_column_inner][vc_column_inner column_padding=&#8221;no-extra-padding&#8221; column_padding_tablet=&#8221;inherit&#8221; column_padding_phone=&#8221;inherit&#8221; column_padding_position=&#8221;all&#8221; column_element_spacing=&#8221;default&#8221; background_color_opacity=&#8221;1&#8243; background_hover_color_opacity=&#8221;1&#8243; column_shadow=&#8221;none&#8221; column_border_radius=&#8221;none&#8221; column_link_target=&#8221;_self&#8221; gradient_direction=&#8221;left_to_right&#8221; overlay_strength=&#8221;0.3&#8243; width=&#8221;1\/4&#8243; tablet_width_inherit=&#8221;default&#8221; bg_image_animation=&#8221;none&#8221; border_type=&#8221;simple&#8221; column_border_width=&#8221;none&#8221; column_border_style=&#8221;solid&#8221;][image_with_animation image_url=&#8221;3643&#8243; animation=&#8221;Fade In&#8221; hover_animation=&#8221;none&#8221; alignment=&#8221;center&#8221; border_radius=&#8221;none&#8221; box_shadow=&#8221;none&#8221; image_loading=&#8221;default&#8221; max_width=&#8221;100%&#8221; max_width_mobile=&#8221;default&#8221; margin_top=&#8221;7%&#8221; margin_top_phone=&#8221;0&#8243;][vc_column_text]\n<h4 style=\"text-align: center;\"><a href=\"https:\/\/tohigin.multonworld.com\/sv\/cocktails\/tohi-dry-martini\/\">Tohi Dry Martini<\/a><\/h4>\n[\/vc_column_text][\/vc_column_inner][vc_column_inner column_padding=&#8221;no-extra-padding&#8221; column_padding_tablet=&#8221;inherit&#8221; column_padding_phone=&#8221;inherit&#8221; column_padding_position=&#8221;all&#8221; column_element_spacing=&#8221;default&#8221; background_color_opacity=&#8221;1&#8243; background_hover_color_opacity=&#8221;1&#8243; column_shadow=&#8221;none&#8221; column_border_radius=&#8221;none&#8221; column_link_target=&#8221;_self&#8221; gradient_direction=&#8221;left_to_right&#8221; overlay_strength=&#8221;0.3&#8243; width=&#8221;1\/4&#8243; tablet_width_inherit=&#8221;default&#8221; bg_image_animation=&#8221;none&#8221; border_type=&#8221;simple&#8221; column_border_width=&#8221;none&#8221; column_border_style=&#8221;solid&#8221;][image_with_animation image_url=&#8221;3625&#8243; animation=&#8221;Fade In&#8221; hover_animation=&#8221;none&#8221; alignment=&#8221;center&#8221; border_radius=&#8221;none&#8221; box_shadow=&#8221;none&#8221; image_loading=&#8221;default&#8221; max_width=&#8221;100%&#8221; max_width_mobile=&#8221;default&#8221; margin_top=&#8221;14%&#8221; margin_top_tablet=&#8221;0&#8243; margin_top_phone=&#8221;0&#8243;][vc_column_text]\n<h4 style=\"text-align: center;\"><a href=\"https:\/\/tohigin.multonworld.com\/sv\/cocktails\/tohi-aronia-gin-tonic\/\">Tohi Aronia Gin &amp; Tonic<\/a><\/h4>\n[\/vc_column_text][\/vc_column_inner][vc_column_inner column_padding=&#8221;no-extra-padding&#8221; column_padding_tablet=&#8221;inherit&#8221; column_padding_phone=&#8221;inherit&#8221; column_padding_position=&#8221;all&#8221; column_element_spacing=&#8221;default&#8221; background_color_opacity=&#8221;1&#8243; background_hover_color_opacity=&#8221;1&#8243; column_shadow=&#8221;none&#8221; column_border_radius=&#8221;none&#8221; column_link_target=&#8221;_self&#8221; gradient_direction=&#8221;left_to_right&#8221; overlay_strength=&#8221;0.3&#8243; width=&#8221;1\/4&#8243; tablet_width_inherit=&#8221;default&#8221; bg_image_animation=&#8221;none&#8221; border_type=&#8221;simple&#8221; column_border_width=&#8221;none&#8221; column_border_style=&#8221;solid&#8221;][image_with_animation image_url=&#8221;3670&#8243; animation=&#8221;Fade In&#8221; hover_animation=&#8221;none&#8221; alignment=&#8221;center&#8221; border_radius=&#8221;none&#8221; box_shadow=&#8221;none&#8221; image_loading=&#8221;default&#8221; max_width=&#8221;100%&#8221; max_width_mobile=&#8221;default&#8221; margin_top=&#8221;21%&#8221; margin_top_tablet=&#8221;7%&#8221; margin_top_phone=&#8221;0&#8243;][vc_column_text]\n<h4 style=\"text-align: center;\"><a href=\"https:\/\/tohigin.multonworld.com\/sv\/cocktails\/tohi-negroni-ehk-222\/\">Tohi Negroni<\/a><\/h4>\n[\/vc_column_text][\/vc_column_inner][\/vc_row_inner][nectar_cta btn_style=&#8221;see-through&#8221; heading_tag=&#8221;h5&#8243; text_color=&#8221;#ff7176&#8243; button_color=&#8221;default&#8221; link_type=&#8221;regular&#8221; alignment=&#8221;right&#8221; alignment_tablet=&#8221;default&#8221; alignment_phone=&#8221;default&#8221; display=&#8221;block&#8221; link_text=&#8221;K\u00f5ik kokteilid&#8221; margin_top=&#8221;60&#8243; url=&#8221;\/sv\/cocktails&#8221;][\/vc_column][\/vc_row]\n","protected":false},"excerpt":{"rendered":"<p>[vc_row type=&#8221;full_width_background&#8221; full_screen_row_position=&#8221;middle&#8221; column_margin=&#8221;default&#8221; equal_height=&#8221;yes&#8221; content_placement=&#8221;middle&#8221; column_direction=&#8221;default&#8221; column_direction_tablet=&#8221;default&#8221; column_direction_phone=&#8221;default&#8221; scene_position=&#8221;center&#8221; top_padding=&#8221;2%&#8221; bottom_padding=&#8221;8%&#8221; text_color=&#8221;dark&#8221; text_align=&#8221;left&#8221; row_border_radius=&#8221;none&#8221; row_border_radius_applies=&#8221;bg&#8221; overlay_strength=&#8221;0.3&#8243; gradient_direction=&#8221;left_to_right&#8221; enable_shape_divider=&#8221;true&#8221; shape_divider_color=&#8221;#3d4975&#8243; shape_divider_position=&#8221;bottom&#8221; shape_divider_height=&#8221;100&#8243; bg_image_animation=&#8221;none&#8221; shape_type=&#8221;tilt&#8221;][vc_column column_padding=&#8221;no-extra-padding&#8221; column_padding_tablet=&#8221;inherit&#8221; column_padding_phone=&#8221;inherit&#8221; column_padding_position=&#8221;all&#8221; column_element_spacing=&#8221;default&#8221; background_color_opacity=&#8221;1&#8243;&#8230;<\/p>\n","protected":false},"author":2,"featured_media":0,"parent":9321,"menu_order":0,"comment_status":"closed","ping_status":"closed","template":"","meta":{"_acf_changed":false,"inline_featured_image":false,"footnotes":""},"class_list":["post-9711","page","type-page","status-publish"],"acf":[],"yoast_head":"<!-- This site is optimized with the Yoast SEO plugin v27.4 - https:\/\/yoast.com\/product\/yoast-seo-wordpress\/ -->\n<title>Margarita d\u017einniga. Klassiklaine kokteil uues kuues<\/title>\n<meta name=\"description\" content=\"Kuidas valmistada parimaid d\u017einniga kokteile? Tohirita ehk margarita d\u017einniga. Valik d\u017einntoonikuid ja muid kokteile Tohi Distillerylt.\" \/>\n<meta name=\"robots\" content=\"index, follow, max-snippet:-1, max-image-preview:large, max-video-preview:-1\" \/>\n<link rel=\"canonical\" href=\"https:\/\/tohigin.multonworld.com\/sv\/cocktails\/tohirita\/\" \/>\n<meta property=\"og:locale\" content=\"sv_SE\" \/>\n<meta property=\"og:type\" content=\"article\" \/>\n<meta property=\"og:title\" content=\"Margarita d\u017einniga. Klassiklaine kokteil uues kuues\" \/>\n<meta property=\"og:description\" content=\"Kuidas valmistada parimaid d\u017einniga kokteile? Tohirita ehk margarita d\u017einniga. Valik d\u017einntoonikuid ja muid kokteile Tohi Distillerylt.\" \/>\n<meta property=\"og:url\" content=\"https:\/\/tohigin.multonworld.com\/sv\/cocktails\/tohirita\/\" \/>\n<meta property=\"og:site_name\" content=\"TOHI Distillery\" \/>\n<meta property=\"article:publisher\" content=\"https:\/\/www.facebook.com\/tohidistillery\" \/>\n<meta property=\"article:modified_time\" content=\"2022-07-11T09:17:58+00:00\" \/>\n<meta name=\"twitter:card\" content=\"summary_large_image\" \/>\n<meta name=\"twitter:label1\" content=\"Ber\u00e4knad l\u00e4stid\" \/>\n\t<meta name=\"twitter:data1\" content=\"2 minuter\" \/>\n<script type=\"application\/ld+json\" class=\"yoast-schema-graph\">{\"@context\":\"https:\\\/\\\/schema.org\",\"@graph\":[{\"@type\":\"WebPage\",\"@id\":\"https:\\\/\\\/tohigin.multonworld.com\\\/sv\\\/cocktails\\\/tohirita\\\/\",\"url\":\"https:\\\/\\\/tohigin.multonworld.com\\\/sv\\\/cocktails\\\/tohirita\\\/\",\"name\":\"Margarita d\u017einniga. Klassiklaine kokteil uues kuues\",\"isPartOf\":{\"@id\":\"https:\\\/\\\/tohigin.multonworld.com\\\/#website\"},\"datePublished\":\"2021-05-14T13:26:04+00:00\",\"dateModified\":\"2022-07-11T09:17:58+00:00\",\"description\":\"Kuidas valmistada parimaid d\u017einniga kokteile? Tohirita ehk margarita d\u017einniga. Valik d\u017einntoonikuid ja muid kokteile Tohi Distillerylt.\",\"breadcrumb\":{\"@id\":\"https:\\\/\\\/tohigin.multonworld.com\\\/sv\\\/cocktails\\\/tohirita\\\/#breadcrumb\"},\"inLanguage\":\"sv-SE\",\"potentialAction\":[{\"@type\":\"ReadAction\",\"target\":[\"https:\\\/\\\/tohigin.multonworld.com\\\/sv\\\/cocktails\\\/tohirita\\\/\"]}]},{\"@type\":\"BreadcrumbList\",\"@id\":\"https:\\\/\\\/tohigin.multonworld.com\\\/sv\\\/cocktails\\\/tohirita\\\/#breadcrumb\",\"itemListElement\":[{\"@type\":\"ListItem\",\"position\":1,\"name\":\"Home\",\"item\":\"https:\\\/\\\/tohigin.multonworld.com\\\/sv\\\/\"},{\"@type\":\"ListItem\",\"position\":2,\"name\":\"Cocktails\",\"item\":\"https:\\\/\\\/tohigin.multonworld.com\\\/sv\\\/cocktails\\\/\"},{\"@type\":\"ListItem\",\"position\":3,\"name\":\"Tohirita ehk gin Margarita\"}]},{\"@type\":\"WebSite\",\"@id\":\"https:\\\/\\\/tohigin.multonworld.com\\\/#website\",\"url\":\"https:\\\/\\\/tohigin.multonworld.com\\\/\",\"name\":\"TOHI Distillery\",\"description\":\"Gin distillery - production, sales &amp; gin tours\",\"publisher\":{\"@id\":\"https:\\\/\\\/tohigin.multonworld.com\\\/#organization\"},\"potentialAction\":[{\"@type\":\"SearchAction\",\"target\":{\"@type\":\"EntryPoint\",\"urlTemplate\":\"https:\\\/\\\/tohigin.multonworld.com\\\/?s={search_term_string}\"},\"query-input\":{\"@type\":\"PropertyValueSpecification\",\"valueRequired\":true,\"valueName\":\"search_term_string\"}}],\"inLanguage\":\"sv-SE\"},{\"@type\":\"Organization\",\"@id\":\"https:\\\/\\\/tohigin.multonworld.com\\\/#organization\",\"name\":\"Tohi Distillery\",\"url\":\"https:\\\/\\\/tohigin.multonworld.com\\\/\",\"logo\":{\"@type\":\"ImageObject\",\"inLanguage\":\"sv-SE\",\"@id\":\"https:\\\/\\\/tohigin.multonworld.com\\\/#\\\/schema\\\/logo\\\/image\\\/\",\"url\":\"https:\\\/\\\/tohigin.multonworld.com\\\/wp-content\\\/uploads\\\/2021\\\/01\\\/tohi-logo-r-1.png\",\"contentUrl\":\"https:\\\/\\\/tohigin.multonworld.com\\\/wp-content\\\/uploads\\\/2021\\\/01\\\/tohi-logo-r-1.png\",\"width\":88,\"height\":120,\"caption\":\"Tohi Distillery\"},\"image\":{\"@id\":\"https:\\\/\\\/tohigin.multonworld.com\\\/#\\\/schema\\\/logo\\\/image\\\/\"},\"sameAs\":[\"https:\\\/\\\/www.facebook.com\\\/tohidistillery\",\"https:\\\/\\\/www.instagram.com\\\/tohi_gin\\\/\"]}]}<\/script>\n<!-- \/ Yoast SEO plugin. -->","yoast_head_json":{"title":"Margarita d\u017einniga. Klassiklaine kokteil uues kuues","description":"Kuidas valmistada parimaid d\u017einniga kokteile? Tohirita ehk margarita d\u017einniga. Valik d\u017einntoonikuid ja muid kokteile Tohi Distillerylt.","robots":{"index":"index","follow":"follow","max-snippet":"max-snippet:-1","max-image-preview":"max-image-preview:large","max-video-preview":"max-video-preview:-1"},"canonical":"https:\/\/tohigin.multonworld.com\/sv\/cocktails\/tohirita\/","og_locale":"sv_SE","og_type":"article","og_title":"Margarita d\u017einniga. Klassiklaine kokteil uues kuues","og_description":"Kuidas valmistada parimaid d\u017einniga kokteile? Tohirita ehk margarita d\u017einniga. Valik d\u017einntoonikuid ja muid kokteile Tohi Distillerylt.","og_url":"https:\/\/tohigin.multonworld.com\/sv\/cocktails\/tohirita\/","og_site_name":"TOHI Distillery","article_publisher":"https:\/\/www.facebook.com\/tohidistillery","article_modified_time":"2022-07-11T09:17:58+00:00","twitter_card":"summary_large_image","twitter_misc":{"Ber\u00e4knad l\u00e4stid":"2 minuter"},"schema":{"@context":"https:\/\/schema.org","@graph":[{"@type":"WebPage","@id":"https:\/\/tohigin.multonworld.com\/sv\/cocktails\/tohirita\/","url":"https:\/\/tohigin.multonworld.com\/sv\/cocktails\/tohirita\/","name":"Margarita d\u017einniga. Klassiklaine kokteil uues kuues","isPartOf":{"@id":"https:\/\/tohigin.multonworld.com\/#website"},"datePublished":"2021-05-14T13:26:04+00:00","dateModified":"2022-07-11T09:17:58+00:00","description":"Kuidas valmistada parimaid d\u017einniga kokteile? Tohirita ehk margarita d\u017einniga. Valik d\u017einntoonikuid ja muid kokteile Tohi Distillerylt.","breadcrumb":{"@id":"https:\/\/tohigin.multonworld.com\/sv\/cocktails\/tohirita\/#breadcrumb"},"inLanguage":"sv-SE","potentialAction":[{"@type":"ReadAction","target":["https:\/\/tohigin.multonworld.com\/sv\/cocktails\/tohirita\/"]}]},{"@type":"BreadcrumbList","@id":"https:\/\/tohigin.multonworld.com\/sv\/cocktails\/tohirita\/#breadcrumb","itemListElement":[{"@type":"ListItem","position":1,"name":"Home","item":"https:\/\/tohigin.multonworld.com\/sv\/"},{"@type":"ListItem","position":2,"name":"Cocktails","item":"https:\/\/tohigin.multonworld.com\/sv\/cocktails\/"},{"@type":"ListItem","position":3,"name":"Tohirita ehk gin Margarita"}]},{"@type":"WebSite","@id":"https:\/\/tohigin.multonworld.com\/#website","url":"https:\/\/tohigin.multonworld.com\/","name":"TOHI Distillery","description":"Gin distillery - production, sales &amp; gin tours","publisher":{"@id":"https:\/\/tohigin.multonworld.com\/#organization"},"potentialAction":[{"@type":"SearchAction","target":{"@type":"EntryPoint","urlTemplate":"https:\/\/tohigin.multonworld.com\/?s={search_term_string}"},"query-input":{"@type":"PropertyValueSpecification","valueRequired":true,"valueName":"search_term_string"}}],"inLanguage":"sv-SE"},{"@type":"Organization","@id":"https:\/\/tohigin.multonworld.com\/#organization","name":"Tohi Distillery","url":"https:\/\/tohigin.multonworld.com\/","logo":{"@type":"ImageObject","inLanguage":"sv-SE","@id":"https:\/\/tohigin.multonworld.com\/#\/schema\/logo\/image\/","url":"https:\/\/tohigin.multonworld.com\/wp-content\/uploads\/2021\/01\/tohi-logo-r-1.png","contentUrl":"https:\/\/tohigin.multonworld.com\/wp-content\/uploads\/2021\/01\/tohi-logo-r-1.png","width":88,"height":120,"caption":"Tohi Distillery"},"image":{"@id":"https:\/\/tohigin.multonworld.com\/#\/schema\/logo\/image\/"},"sameAs":["https:\/\/www.facebook.com\/tohidistillery","https:\/\/www.instagram.com\/tohi_gin\/"]}]}},"_links":{"self":[{"href":"https:\/\/tohigin.multonworld.com\/sv\/wp-json\/wp\/v2\/pages\/9711","targetHints":{"allow":["GET"]}}],"collection":[{"href":"https:\/\/tohigin.multonworld.com\/sv\/wp-json\/wp\/v2\/pages"}],"about":[{"href":"https:\/\/tohigin.multonworld.com\/sv\/wp-json\/wp\/v2\/types\/page"}],"author":[{"embeddable":true,"href":"https:\/\/tohigin.multonworld.com\/sv\/wp-json\/wp\/v2\/users\/2"}],"replies":[{"embeddable":true,"href":"https:\/\/tohigin.multonworld.com\/sv\/wp-json\/wp\/v2\/comments?post=9711"}],"version-history":[{"count":3,"href":"https:\/\/tohigin.multonworld.com\/sv\/wp-json\/wp\/v2\/pages\/9711\/revisions"}],"predecessor-version":[{"id":9739,"href":"https:\/\/tohigin.multonworld.com\/sv\/wp-json\/wp\/v2\/pages\/9711\/revisions\/9739"}],"up":[{"embeddable":true,"href":"https:\/\/tohigin.multonworld.com\/sv\/wp-json\/wp\/v2\/pages\/9321"}],"wp:attachment":[{"href":"https:\/\/tohigin.multonworld.com\/sv\/wp-json\/wp\/v2\/media?parent=9711"}],"curies":[{"name":"wp","href":"https:\/\/api.w.org\/{rel}","templated":true}]}}